{"id":1348,"date":"2020-08-12T13:52:39","date_gmt":"2020-08-12T10:52:39","guid":{"rendered":"https:\/\/www.arhpro.ee\/?page_id=1348"},"modified":"2020-08-12T13:52:40","modified_gmt":"2020-08-12T10:52:40","slug":"%d1%80%d1%83%d0%ba%d0%be%d0%b2%d0%be%d0%b4%d0%b8%d1%82%d0%b5%d0%bb%d1%8c-%d0%bf%d1%80%d0%be%d0%b5%d0%ba%d1%82%d0%b0","status":"publish","type":"page","link":"https:\/\/arhpro.ee\/ru\/%d0%bf%d0%be%d0%bb%d0%b5%d0%b7%d0%bd%d0%b0%d1%8f-%d0%b8%d0%bd%d1%84%d0%be%d1%80%d0%bc%d0%b0%d1%86%d0%b8%d1%8f\/%d1%80%d1%83%d0%ba%d0%be%d0%b2%d0%be%d0%b4%d0%b8%d1%82%d0%b5%d0%bb%d1%8c-%d0%bf%d1%80%d0%be%d0%b5%d0%ba%d1%82%d0%b0\/","title":{"rendered":"\u0420\u0443\u043a\u043e\u0432\u043e\u0434\u0438\u0442\u0435\u043b\u044c \u043f\u0440\u043e\u0435\u043a\u0442\u0430"},"content":{"rendered":"\n<p class=\"wp-el\">Projektijuhtimine on \u00fchekordsete \u00fclesannete lahendamiseks kasutatav s\u00fcsteemne abin\u00f5u. Projektijuhtimise tehnikate valdamisest s\u00f5ltub, kui kiiresti, \u00f6konoomselt ning usaldusv\u00e4\u00e4rselt me \u00fclesande lahendame. Seega tasakaalustatud l\u00e4henemine teemale t\u00e4hendab nii juhtimistehniliste aspektide vaatlemist kui ka projektimeeskonna liikmete vaheliste suhete ja meeskonna motivatsioonik\u00fcsimuste k\u00e4sitlemist.<br>Projektijuhtimine on h\u00e4davajalik juhtimismeetod t\u00e4nap\u00e4eva organisatsioonides, kus probleemiks on piiratud ressursid, konkurentsikeskkonna survest tingitud j\u00e4rjest l\u00fchenev aeg \u00fclesannete lahendamiseks ning \u00fclesannete suurenev keerukuseaste &#8212; olgu siis tegu uue toote turuletoomise, infos\u00fcsteemi v\u00e4ljaarendamise, tootmistehnoloogia juurutamisega v\u00f5i konkreetse \u00e4riprojekti ellurakendamisel.<\/p>\n\n\n\n<h3 class=\"wp-el wp-block-heading\">Projektijuhtimine ehituses<\/h3>\n\n\n\n<p class=\"wp-el\">Projektijuhtimist v\u00f5ib l\u00fchidalt iseloomustada kahe s\u00f5naga: ideest lahenduseni ehk konsultandipoolne abi tellija ehitusprojekti juhtimisel. Projektijuht astub tellija parema k\u00e4e rolli, esindades teda ning tehes k\u00f5ike vajalikke t\u00f6id tema eest. Tehtavate t\u00f6\u00f6de nimistu on v\u00e4ga lai, h\u00f5lmates n\u00e4iteks tellijale sobiva maat\u00fcki otsimist, projekteerimist, ehitusv\u00e4hempakkumise korraldamist, suhtlemist riigi- ja kohalike omavalitsusametnikega jms. Projektijuhi viimaseks \u00fclesandeks on tellijatele v\u00f5tmete ehk objekti \u00fcle andmine<\/p>\n\n\n\n<h3 class=\"wp-el wp-block-heading\">Miks otsustada projektijuhtimise kasuks?<\/h3>\n\n\n\n<p class=\"wp-el\">Kompleksteenus &#8212; ideest v\u00f5tmeni<br>Projektijuhtimise puhul viib k\u00f5ik kinnisvara arenduse juures vajalikud t\u00f6\u00f6d l\u00e4bi projektijuht, kuid samas j\u00e4\u00e4b otsustajaks tellija. Tellijal on igal ajahetkel \u00f5igus ja v\u00f5imalus sekkuda projektijuhi t\u00f6\u00f6sse, kuid tal puudub vajadus tegelda jooksvate probleemidega. Puudub tarvidus erineva erialase (kinnisvara, projekteerimine, ehitus jms) t\u00f6\u00f6j\u00f5u v\u00e4rbamiseks, sest k\u00f5ike seda pakub talle projektijuht.<\/p>\n\n\n\n<h3 class=\"wp-el wp-block-heading\">Erapooletus<\/h3>\n\n\n\n<p class=\"wp-el\">Projektijuht on tellija erapooletu esindaja. Projektijuht ei ole seotud kinnisvara arenduse protsessis tehtavate t\u00f6\u00f6de teostajatega. Nii n\u00e4iteks on projektijuht kliendi erapooletuks esindajaks-eksperdiks ehitust\u00f6\u00f6de ajal, et tagada ehituse \u00f5iglane hind ja tellija poolt soovitud kvaliteet.<\/p>\n\n\n\n<h3 class=\"wp-el wp-block-heading\">Hind<\/h3>\n\n\n\n<p class=\"wp-el\">Kuna projektijuht pakub kompleksteenust, siis on tal seda tellijale v\u00f5imalik tunduvalt odavamalt pakkuda kui seda saaks teenuse osi eraldi ostes v\u00f5i selleks eraldi t\u00f6\u00f6j\u00f5udu palgates. Seda eelk\u00f5ige j\u00e4rgmistel p\u00f5hjustel:<\/p>\n\n\n\n<ul class=\"wp-el wp-block-list\"><li>t\u00e4nu mahukatele tellimustele ehitus-, kinnisvara- ja projekteerimisturul, saab projektijuht nn. &#171;hulgihinda&#187;;<\/li><li>tellija erapooletu esindajana puudub projektijuhil motiiv kinnisvara arenduse juurde kuuluvate t\u00f6\u00f6de hinda kunstlikult suurendada, kuna sellest ei s\u00f5ltu tema tasu;<\/li><li>projektijuhtimismeetodil ehitades saab projektijuht valida optimaalse ehitust\u00f6\u00f6v\u00f5tjate hulga, v\u00e4ltides niimoodi peat\u00f6\u00f6v\u00f5tu (d)efekti, kus peat\u00f6\u00f6v\u00f5tja liidab iga allt\u00f6\u00f6v\u00f5tja t\u00f6\u00f6le oma hinnalisa.<\/li><\/ul>\n\n\n\n<h3 class=\"wp-el wp-block-heading\">Kiirus<\/h3>\n\n\n\n<p class=\"wp-el\">Heal projektijuhil on k\u00f5ikide kinnisvara arenduse jaoks vajalike protsesside l\u00e4biviimiseks olemas tegus meeskond, mis tagab selle, et iga meeskonna liige tegutseb oma kompetentsuse vallas ja t\u00f6\u00f6 ei kasva \u00fcle pea. Kord k\u00e4ima l\u00fckatud protsess ei j\u00e4\u00e4 toppama aja ja kogemuse puudumise taha, vaid viiakse l\u00f5puni.<\/p>\n","protected":false},"excerpt":{"rendered":"<p>Projektijuhtimine on \u00fchekordsete \u00fclesannete lahendamiseks kasutatav s\u00fcsteemne abin\u00f5u. Projektijuhtimise tehnikate valdamisest s\u00f5ltub, kui kiiresti, \u00f6konoomselt ning usaldusv\u00e4\u00e4rselt me \u00fclesande lahendame&#8230;.<\/p>\n","protected":false},"author":1,"featured_media":0,"parent":1604,"menu_order":50,"comment_status":"closed","ping_status":"closed","template":"","meta":{"_acf_changed":false,"footnotes":""},"class_list":["post-1348","page","type-page","status-publish","hentry"],"acf":[],"yoast_head":"<!-- This site is optimized with the Yoast SEO plugin v25.5 - https:\/\/yoast.com\/wordpress\/plugins\/seo\/ -->\n<title>\u0420\u0443\u043a\u043e\u0432\u043e\u0434\u0438\u0442\u0435\u043b\u044c \u043f\u0440\u043e\u0435\u043a\u0442\u0430 - Tartu Arhitektuurib\u00fcroo<\/title>\n<meta name=\"robots\" content=\"index, follow, max-snippet:-1, max-image-preview:large, max-video-preview:-1\" \/>\n<link rel=\"canonical\" href=\"https:\/\/arhpro.ee\/ru\/\u043f\u043e\u043b\u0435\u0437\u043d\u0430\u044f-\u0438\u043d\u0444\u043e\u0440\u043c\u0430\u0446\u0438\u044f\/\u0440\u0443\u043a\u043e\u0432\u043e\u0434\u0438\u0442\u0435\u043b\u044c-\u043f\u0440\u043e\u0435\u043a\u0442\u0430\/\" \/>\n<meta property=\"og:locale\" content=\"ru_RU\" \/>\n<meta property=\"og:type\" content=\"article\" \/>\n<meta property=\"og:title\" content=\"\u0420\u0443\u043a\u043e\u0432\u043e\u0434\u0438\u0442\u0435\u043b\u044c \u043f\u0440\u043e\u0435\u043a\u0442\u0430 - Tartu Arhitektuurib\u00fcroo\" \/>\n<meta property=\"og:description\" content=\"Projektijuhtimine on \u00fchekordsete \u00fclesannete lahendamiseks kasutatav s\u00fcsteemne abin\u00f5u. Projektijuhtimise tehnikate valdamisest s\u00f5ltub, kui kiiresti, \u00f6konoomselt ning usaldusv\u00e4\u00e4rselt me \u00fclesande lahendame....\" \/>\n<meta property=\"og:url\" content=\"https:\/\/arhpro.ee\/ru\/\u043f\u043e\u043b\u0435\u0437\u043d\u0430\u044f-\u0438\u043d\u0444\u043e\u0440\u043c\u0430\u0446\u0438\u044f\/\u0440\u0443\u043a\u043e\u0432\u043e\u0434\u0438\u0442\u0435\u043b\u044c-\u043f\u0440\u043e\u0435\u043a\u0442\u0430\/\" \/>\n<meta property=\"og:site_name\" content=\"Tartu Arhitektuurib\u00fcroo\" \/>\n<meta property=\"article:modified_time\" content=\"2020-08-12T10:52:40+00:00\" \/>\n<meta name=\"twitter:card\" content=\"summary_large_image\" \/>\n<meta name=\"twitter:label1\" content=\"\u041f\u0440\u0438\u043c\u0435\u0440\u043d\u043e\u0435 \u0432\u0440\u0435\u043c\u044f \u0434\u043b\u044f \u0447\u0442\u0435\u043d\u0438\u044f\" \/>\n\t<meta name=\"twitter:data1\" content=\"2 \u043c\u0438\u043d\u0443\u0442\u044b\" \/>\n<script type=\"application\/ld+json\" class=\"yoast-schema-graph\">{\"@context\":\"https:\/\/schema.org\",\"@graph\":[{\"@type\":\"WebPage\",\"@id\":\"https:\/\/arhpro.ee\/ru\/%d0%bf%d0%be%d0%bb%d0%b5%d0%b7%d0%bd%d0%b0%d1%8f-%d0%b8%d0%bd%d1%84%d0%be%d1%80%d0%bc%d0%b0%d1%86%d0%b8%d1%8f\/%d1%80%d1%83%d0%ba%d0%be%d0%b2%d0%be%d0%b4%d0%b8%d1%82%d0%b5%d0%bb%d1%8c-%d0%bf%d1%80%d0%be%d0%b5%d0%ba%d1%82%d0%b0\/\",\"url\":\"https:\/\/arhpro.ee\/ru\/%d0%bf%d0%be%d0%bb%d0%b5%d0%b7%d0%bd%d0%b0%d1%8f-%d0%b8%d0%bd%d1%84%d0%be%d1%80%d0%bc%d0%b0%d1%86%d0%b8%d1%8f\/%d1%80%d1%83%d0%ba%d0%be%d0%b2%d0%be%d0%b4%d0%b8%d1%82%d0%b5%d0%bb%d1%8c-%d0%bf%d1%80%d0%be%d0%b5%d0%ba%d1%82%d0%b0\/\",\"name\":\"\u0420\u0443\u043a\u043e\u0432\u043e\u0434\u0438\u0442\u0435\u043b\u044c \u043f\u0440\u043e\u0435\u043a\u0442\u0430 - Tartu Arhitektuurib\u00fcroo\",\"isPartOf\":{\"@id\":\"https:\/\/arhpro.ee\/#website\"},\"datePublished\":\"2020-08-12T10:52:39+00:00\",\"dateModified\":\"2020-08-12T10:52:40+00:00\",\"breadcrumb\":{\"@id\":\"https:\/\/arhpro.ee\/ru\/%d0%bf%d0%be%d0%bb%d0%b5%d0%b7%d0%bd%d0%b0%d1%8f-%d0%b8%d0%bd%d1%84%d0%be%d1%80%d0%bc%d0%b0%d1%86%d0%b8%d1%8f\/%d1%80%d1%83%d0%ba%d0%be%d0%b2%d0%be%d0%b4%d0%b8%d1%82%d0%b5%d0%bb%d1%8c-%d0%bf%d1%80%d0%be%d0%b5%d0%ba%d1%82%d0%b0\/#breadcrumb\"},\"inLanguage\":\"ru-RU\",\"potentialAction\":[{\"@type\":\"ReadAction\",\"target\":[\"https:\/\/arhpro.ee\/ru\/%d0%bf%d0%be%d0%bb%d0%b5%d0%b7%d0%bd%d0%b0%d1%8f-%d0%b8%d0%bd%d1%84%d0%be%d1%80%d0%bc%d0%b0%d1%86%d0%b8%d1%8f\/%d1%80%d1%83%d0%ba%d0%be%d0%b2%d0%be%d0%b4%d0%b8%d1%82%d0%b5%d0%bb%d1%8c-%d0%bf%d1%80%d0%be%d0%b5%d0%ba%d1%82%d0%b0\/\"]}]},{\"@type\":\"BreadcrumbList\",\"@id\":\"https:\/\/arhpro.ee\/ru\/%d0%bf%d0%be%d0%bb%d0%b5%d0%b7%d0%bd%d0%b0%d1%8f-%d0%b8%d0%bd%d1%84%d0%be%d1%80%d0%bc%d0%b0%d1%86%d0%b8%d1%8f\/%d1%80%d1%83%d0%ba%d0%be%d0%b2%d0%be%d0%b4%d0%b8%d1%82%d0%b5%d0%bb%d1%8c-%d0%bf%d1%80%d0%be%d0%b5%d0%ba%d1%82%d0%b0\/#breadcrumb\",\"itemListElement\":[{\"@type\":\"ListItem\",\"position\":1,\"name\":\"Home\",\"item\":\"https:\/\/arhpro.ee\/ru\/\"},{\"@type\":\"ListItem\",\"position\":2,\"name\":\"\u041f\u043e\u043b\u0435\u0437\u043d\u0430\u044f \u0438\u043d\u0444\u043e\u0440\u043c\u0430\u0446\u0438\u044f\",\"item\":\"https:\/\/arhpro.ee\/ru\/%d0%bf%d0%be%d0%bb%d0%b5%d0%b7%d0%bd%d0%b0%d1%8f-%d0%b8%d0%bd%d1%84%d0%be%d1%80%d0%bc%d0%b0%d1%86%d0%b8%d1%8f\/\"},{\"@type\":\"ListItem\",\"position\":3,\"name\":\"\u0420\u0443\u043a\u043e\u0432\u043e\u0434\u0438\u0442\u0435\u043b\u044c \u043f\u0440\u043e\u0435\u043a\u0442\u0430\"}]},{\"@type\":\"WebSite\",\"@id\":\"https:\/\/arhpro.ee\/#website\",\"url\":\"https:\/\/arhpro.ee\/\",\"name\":\"Tartu Arhitektuurib\u00fcroo\",\"description\":\"\",\"potentialAction\":[{\"@type\":\"SearchAction\",\"target\":{\"@type\":\"EntryPoint\",\"urlTemplate\":\"https:\/\/arhpro.ee\/?s={search_term_string}\"},\"query-input\":{\"@type\":\"PropertyValueSpecification\",\"valueRequired\":true,\"valueName\":\"search_term_string\"}}],\"inLanguage\":\"ru-RU\"}]}<\/script>\n<!-- \/ Yoast SEO plugin. -->","yoast_head_json":{"title":"\u0420\u0443\u043a\u043e\u0432\u043e\u0434\u0438\u0442\u0435\u043b\u044c \u043f\u0440\u043e\u0435\u043a\u0442\u0430 - Tartu Arhitektuurib\u00fcroo","robots":{"index":"index","follow":"follow","max-snippet":"max-snippet:-1","max-image-preview":"max-image-preview:large","max-video-preview":"max-video-preview:-1"},"canonical":"https:\/\/arhpro.ee\/ru\/\u043f\u043e\u043b\u0435\u0437\u043d\u0430\u044f-\u0438\u043d\u0444\u043e\u0440\u043c\u0430\u0446\u0438\u044f\/\u0440\u0443\u043a\u043e\u0432\u043e\u0434\u0438\u0442\u0435\u043b\u044c-\u043f\u0440\u043e\u0435\u043a\u0442\u0430\/","og_locale":"ru_RU","og_type":"article","og_title":"\u0420\u0443\u043a\u043e\u0432\u043e\u0434\u0438\u0442\u0435\u043b\u044c \u043f\u0440\u043e\u0435\u043a\u0442\u0430 - Tartu Arhitektuurib\u00fcroo","og_description":"Projektijuhtimine on \u00fchekordsete \u00fclesannete lahendamiseks kasutatav s\u00fcsteemne abin\u00f5u. Projektijuhtimise tehnikate valdamisest s\u00f5ltub, kui kiiresti, \u00f6konoomselt ning usaldusv\u00e4\u00e4rselt me \u00fclesande lahendame....","og_url":"https:\/\/arhpro.ee\/ru\/\u043f\u043e\u043b\u0435\u0437\u043d\u0430\u044f-\u0438\u043d\u0444\u043e\u0440\u043c\u0430\u0446\u0438\u044f\/\u0440\u0443\u043a\u043e\u0432\u043e\u0434\u0438\u0442\u0435\u043b\u044c-\u043f\u0440\u043e\u0435\u043a\u0442\u0430\/","og_site_name":"Tartu Arhitektuurib\u00fcroo","article_modified_time":"2020-08-12T10:52:40+00:00","twitter_card":"summary_large_image","twitter_misc":{"\u041f\u0440\u0438\u043c\u0435\u0440\u043d\u043e\u0435 \u0432\u0440\u0435\u043c\u044f \u0434\u043b\u044f \u0447\u0442\u0435\u043d\u0438\u044f":"2 \u043c\u0438\u043d\u0443\u0442\u044b"},"schema":{"@context":"https:\/\/schema.org","@graph":[{"@type":"WebPage","@id":"https:\/\/arhpro.ee\/ru\/%d0%bf%d0%be%d0%bb%d0%b5%d0%b7%d0%bd%d0%b0%d1%8f-%d0%b8%d0%bd%d1%84%d0%be%d1%80%d0%bc%d0%b0%d1%86%d0%b8%d1%8f\/%d1%80%d1%83%d0%ba%d0%be%d0%b2%d0%be%d0%b4%d0%b8%d1%82%d0%b5%d0%bb%d1%8c-%d0%bf%d1%80%d0%be%d0%b5%d0%ba%d1%82%d0%b0\/","url":"https:\/\/arhpro.ee\/ru\/%d0%bf%d0%be%d0%bb%d0%b5%d0%b7%d0%bd%d0%b0%d1%8f-%d0%b8%d0%bd%d1%84%d0%be%d1%80%d0%bc%d0%b0%d1%86%d0%b8%d1%8f\/%d1%80%d1%83%d0%ba%d0%be%d0%b2%d0%be%d0%b4%d0%b8%d1%82%d0%b5%d0%bb%d1%8c-%d0%bf%d1%80%d0%be%d0%b5%d0%ba%d1%82%d0%b0\/","name":"\u0420\u0443\u043a\u043e\u0432\u043e\u0434\u0438\u0442\u0435\u043b\u044c \u043f\u0440\u043e\u0435\u043a\u0442\u0430 - Tartu Arhitektuurib\u00fcroo","isPartOf":{"@id":"https:\/\/arhpro.ee\/#website"},"datePublished":"2020-08-12T10:52:39+00:00","dateModified":"2020-08-12T10:52:40+00:00","breadcrumb":{"@id":"https:\/\/arhpro.ee\/ru\/%d0%bf%d0%be%d0%bb%d0%b5%d0%b7%d0%bd%d0%b0%d1%8f-%d0%b8%d0%bd%d1%84%d0%be%d1%80%d0%bc%d0%b0%d1%86%d0%b8%d1%8f\/%d1%80%d1%83%d0%ba%d0%be%d0%b2%d0%be%d0%b4%d0%b8%d1%82%d0%b5%d0%bb%d1%8c-%d0%bf%d1%80%d0%be%d0%b5%d0%ba%d1%82%d0%b0\/#breadcrumb"},"inLanguage":"ru-RU","potentialAction":[{"@type":"ReadAction","target":["https:\/\/arhpro.ee\/ru\/%d0%bf%d0%be%d0%bb%d0%b5%d0%b7%d0%bd%d0%b0%d1%8f-%d0%b8%d0%bd%d1%84%d0%be%d1%80%d0%bc%d0%b0%d1%86%d0%b8%d1%8f\/%d1%80%d1%83%d0%ba%d0%be%d0%b2%d0%be%d0%b4%d0%b8%d1%82%d0%b5%d0%bb%d1%8c-%d0%bf%d1%80%d0%be%d0%b5%d0%ba%d1%82%d0%b0\/"]}]},{"@type":"BreadcrumbList","@id":"https:\/\/arhpro.ee\/ru\/%d0%bf%d0%be%d0%bb%d0%b5%d0%b7%d0%bd%d0%b0%d1%8f-%d0%b8%d0%bd%d1%84%d0%be%d1%80%d0%bc%d0%b0%d1%86%d0%b8%d1%8f\/%d1%80%d1%83%d0%ba%d0%be%d0%b2%d0%be%d0%b4%d0%b8%d1%82%d0%b5%d0%bb%d1%8c-%d0%bf%d1%80%d0%be%d0%b5%d0%ba%d1%82%d0%b0\/#breadcrumb","itemListElement":[{"@type":"ListItem","position":1,"name":"Home","item":"https:\/\/arhpro.ee\/ru\/"},{"@type":"ListItem","position":2,"name":"\u041f\u043e\u043b\u0435\u0437\u043d\u0430\u044f \u0438\u043d\u0444\u043e\u0440\u043c\u0430\u0446\u0438\u044f","item":"https:\/\/arhpro.ee\/ru\/%d0%bf%d0%be%d0%bb%d0%b5%d0%b7%d0%bd%d0%b0%d1%8f-%d0%b8%d0%bd%d1%84%d0%be%d1%80%d0%bc%d0%b0%d1%86%d0%b8%d1%8f\/"},{"@type":"ListItem","position":3,"name":"\u0420\u0443\u043a\u043e\u0432\u043e\u0434\u0438\u0442\u0435\u043b\u044c \u043f\u0440\u043e\u0435\u043a\u0442\u0430"}]},{"@type":"WebSite","@id":"https:\/\/arhpro.ee\/#website","url":"https:\/\/arhpro.ee\/","name":"Tartu Arhitektuurib\u00fcroo","description":"","potentialAction":[{"@type":"SearchAction","target":{"@type":"EntryPoint","urlTemplate":"https:\/\/arhpro.ee\/?s={search_term_string}"},"query-input":{"@type":"PropertyValueSpecification","valueRequired":true,"valueName":"search_term_string"}}],"inLanguage":"ru-RU"}]}},"_links":{"self":[{"href":"https:\/\/arhpro.ee\/ru\/wp-json\/wp\/v2\/pages\/1348","targetHints":{"allow":["GET"]}}],"collection":[{"href":"https:\/\/arhpro.ee\/ru\/wp-json\/wp\/v2\/pages"}],"about":[{"href":"https:\/\/arhpro.ee\/ru\/wp-json\/wp\/v2\/types\/page"}],"author":[{"embeddable":true,"href":"https:\/\/arhpro.ee\/ru\/wp-json\/wp\/v2\/users\/1"}],"replies":[{"embeddable":true,"href":"https:\/\/arhpro.ee\/ru\/wp-json\/wp\/v2\/comments?post=1348"}],"version-history":[{"count":1,"href":"https:\/\/arhpro.ee\/ru\/wp-json\/wp\/v2\/pages\/1348\/revisions"}],"predecessor-version":[{"id":1349,"href":"https:\/\/arhpro.ee\/ru\/wp-json\/wp\/v2\/pages\/1348\/revisions\/1349"}],"up":[{"embeddable":true,"href":"https:\/\/arhpro.ee\/ru\/wp-json\/wp\/v2\/pages\/1604"}],"wp:attachment":[{"href":"https:\/\/arhpro.ee\/ru\/wp-json\/wp\/v2\/media?parent=1348"}],"curies":[{"name":"wp","href":"https:\/\/api.w.org\/{rel}","templated":true}]}}