{"id":1343,"date":"2020-08-12T13:20:51","date_gmt":"2020-08-12T10:20:51","guid":{"rendered":"https:\/\/www.arhpro.ee\/?page_id=1343"},"modified":"2020-08-12T13:20:52","modified_gmt":"2020-08-12T10:20:52","slug":"%d1%82%d0%b5%d1%85%d0%bd%d0%b8%d1%87%d0%b5%d1%81%d0%ba%d0%b8%d0%b9-%d0%bd%d0%b0%d0%b4%d0%b7%d0%be%d1%80-%d0%b7%d0%b0%d0%ba%d0%b0%d0%b7%d1%87%d0%b8%d0%ba%d0%b0","status":"publish","type":"page","link":"https:\/\/arhpro.ee\/ru\/%d0%bf%d0%be%d0%bb%d0%b5%d0%b7%d0%bd%d0%b0%d1%8f-%d0%b8%d0%bd%d1%84%d0%be%d1%80%d0%bc%d0%b0%d1%86%d0%b8%d1%8f\/%d1%82%d0%b5%d1%85%d0%bd%d0%b8%d1%87%d0%b5%d1%81%d0%ba%d0%b8%d0%b9-%d0%bd%d0%b0%d0%b4%d0%b7%d0%be%d1%80-%d0%b7%d0%b0%d0%ba%d0%b0%d0%b7%d1%87%d0%b8%d0%ba%d0%b0\/","title":{"rendered":"\u0422\u0435\u0445\u043d\u0438\u0447\u0435\u0441\u043a\u0438\u0439 \u043d\u0430\u0434\u0437\u043e\u0440 \u0437\u0430\u043a\u0430\u0437\u0447\u0438\u043a\u0430"},"content":{"rendered":"\n<p class=\"wp-el\">\u0426\u0435\u043b\u044c \u0442\u0435\u0445\u043d\u0438\u0447\u0435\u0441\u043a\u043e\u0433\u043e \u043d\u0430\u0434\u0437\u043e\u0440\u0430 \u0441\u043e\u0441\u0442\u043e\u0438\u0442 \u0432 \u0437\u0430\u0449\u0438\u0442\u0435 \u0438\u043d\u0442\u0435\u0440\u0435\u0441\u043e\u0432 \u0437\u0430\u043a\u0430\u0437\u0447\u0438\u043a\u0430 \u0432 \u0445\u043e\u0434\u0435 \u0441\u0442\u0440\u043e\u0438\u0442\u0435\u043b\u044c\u043d\u043e\u0433\u043e \u043f\u0440\u043e\u0446\u0435\u0441\u0441\u0430 \u043e\u0442 \u043d\u0430\u0447\u0430\u043b\u0430 \u0441\u0442\u0440\u043e\u0438\u0442\u0435\u043b\u044c\u0441\u0442\u0432\u0430 \u0434\u043e \u0435\u0433\u043e \u0437\u0430\u0432\u0435\u0440\u0448\u0435\u043d\u0438\u044f \u0438 \u043f\u043e\u043b\u0443\u0447\u0435\u043d\u0438\u044f \u0440\u0430\u0437\u0440\u0435\u0448\u0435\u043d\u0438\u044f \u043d\u0430 \u044d\u043a\u0441\u043f\u043b\u0443\u0430\u0442\u0430\u0446\u0438\u044e \u043e\u0431\u044a\u0435\u043a\u0442\u0430.<\/p>\n\n\n\n<p class=\"wp-el\">Omanikuj\u00e4relevalve on pidev j\u00e4relevalve ehitamise \u00fcle, alates ehitamise alustamisest kuni ehitise kasutusloa saamiseni.<\/p>\n\n\n\n<p class=\"wp-el\">\u041a\u043e\u043d\u043a\u0440\u0435\u0442\u043d\u044b\u0435 \u043f\u0440\u0430\u0432\u0430 \u0438 \u043e\u0431\u044f\u0437\u0430\u043d\u043d\u043e\u0441\u0442\u0438 \u0442\u0435\u0445\u043d\u0430\u0434\u0437\u043e\u0440\u0430 \u043e\u043f\u0440\u0435\u0434\u0435\u043b\u0435\u043d\u044b \u0417\u0430\u043a\u043e\u043d\u043e\u043c \u043e \u0441\u0442\u0440\u043e\u0438\u0442\u0435\u043b\u044c\u0441\u0442\u0432\u0435 \u0438 \u0443\u0442\u043e\u0447\u043d\u0435\u043d\u044b \u0432 \u043f\u043e\u0441\u0442\u0430\u043d\u043e\u0432\u043b\u0435\u043d\u0438\u0438 \u043c\u0438\u043d\u0438\u0441\u0442\u0440\u0430 \u044d\u043a\u043e\u043d\u043e\u043c\u0438\u043a\u0438 \u0438 \u043a\u043e\u043c\u043c\u0443\u043d\u0438\u043a\u0430\u0446\u0438\u0439 \u211630 \u043e\u0442 11.12.2002 \u0433. \u201e\u041f\u043e\u0440\u044f\u0434\u043e\u043a \u043d\u0430\u0434\u0437\u043e\u0440\u0430 \u0437\u0430\u043a\u0430\u0437\u0447\u0438\u043a\u0430 \u043d\u0430 \u0441\u0442\u0440\u043e\u0438\u0442\u0435\u043b\u044c\u0441\u0442\u0432\u0435\u201c. \u0412\u043b\u0430\u0434\u0435\u043b\u0435\u0446 \u0441\u0442\u0440\u043e\u0435\u043d\u0438\u044f \u0434\u043e\u043b\u0436\u0435\u043d \u043e\u043f\u0440\u0435\u0434\u0435\u043b\u0438\u0442\u044c \u0438\u0441\u043f\u043e\u043b\u043d\u0438\u0442\u0435\u043b\u044f \u043d\u0430\u0434\u0437\u043e\u0440\u0430 \u0438 \u0438\u043d\u0444\u043e\u0440\u043c\u0438\u0440\u043e\u0432\u0430\u0442\u044c \u043e\u0431 \u044d\u0442\u043e\u043c \u043c\u0435\u0441\u0442\u043d\u043e\u0435 \u0441\u0430\u043c\u043e\u0443\u043f\u0440\u0430\u0432\u043b\u0435\u043d\u0438\u0435 \u0432 \u0441\u043f\u0440\u0430\u0432\u043a\u0435 \u043e \u043d\u0430\u0447\u0430\u043b\u0435 \u0441\u0442\u0440\u043e\u0438\u0442\u0435\u043b\u044c\u0441\u0442\u0432\u0430 \u0437\u0430 3 \u0434\u043d\u044f \u0434\u043e \u043d\u0430\u0447\u0430\u043b\u0430 \u0441\u0442\u0440\u043e\u0438\u0442\u0435\u043b\u044c\u043d\u044b\u0445 \u0440\u0430\u0431\u043e\u0442.<\/p>\n\n\n\n<p class=\"wp-el\">\u041a\u043e\u043d\u0442\u0440\u043e\u043b\u044c \u043c\u0435\u0441\u0442\u043d\u043e\u0433\u043e \u0441\u0430\u043c\u043e\u0443\u043f\u0440\u0430\u0432\u043b\u0435\u043d\u0438\u044f \u043d\u0430\u0434 \u0441\u0442\u0440\u043e\u0438\u0442\u0435\u043b\u044c\u043d\u044b\u043c \u043f\u0440\u043e\u0446\u0435\u0441\u0441\u043e\u043c \u043e\u0441\u0443\u0449\u0435\u0441\u0442\u0432\u043b\u044f\u0435\u0442\u0441\u044f \u0432 \u0440\u0430\u043c\u043a\u0430\u0445 \u201e\u041f\u043e\u0441\u0442\u0430\u043d\u043e\u0432\u043b\u0435\u043d\u0438\u044f \u043e \u0441\u0442\u0440\u043e\u0438\u0442\u0435\u043b\u044c\u0441\u0442\u0432\u0435\u201c \u043a\u0430\u0436\u0434\u043e\u0433\u043e \u0441\u0430\u043c\u043e\u0443\u043f\u0440\u0430\u0432\u043b\u0435\u043d\u0438\u044f. \u041d\u0435\u0441\u043e\u043c\u043d\u0435\u043d\u043d\u043e \u044d\u0442\u043e \u043e\u0441\u0443\u0449\u0435\u0441\u0442\u0432\u043b\u044f\u0435\u0442\u0441\u044f \u043f\u0440\u0438 \u043e\u0444\u043e\u0440\u043c\u043b\u0435\u043d\u0438\u0438 \u0420\u0430\u0437\u0440\u0435\u0448\u0435\u043d\u0438\u044f \u043d\u0430 \u044d\u043a\u0441\u043f\u043b\u0443\u0430\u0442\u0430\u0446\u0438\u044e. Samas tuleb ehituse \u00fcle teostada omanikuj\u00e4relevalvet. \u00dcksikelamu puhul v\u00f5ib omanikuj\u00e4relevalvet teha omanik ise. Ehitusseadus n\u00e4eb ette omanikuj\u00e4relevalve tegemise korra kehtestamise majandusministri poolt, mis t\u00e4psustab n\u00f5uded, mida omanik seda \u00fclesannet ja kohustust t\u00e4ites peab j\u00e4rgima.<\/p>\n\n\n\n<p class=\"wp-el\">\u041d\u0430\u0434\u0437\u043e\u0440 \u0437\u0430\u043a\u0430\u0437\u0447\u0438\u043a\u0430 \u043f\u0440\u0438 \u0432\u043e\u0437\u0432\u0435\u0434\u0435\u043d\u0438\u0438 \u043c\u0430\u043b\u043e\u0433\u043e \u0441\u0442\u0440\u043e\u0435\u043d\u0438\u044f (\u0441\u0442\u0440\u043e\u0435\u043d\u0438\u0435 \u043f\u043b\u043e\u0449\u0430\u0434\u044c\u044e \u0437\u0430\u0441\u0442\u0440\u043e\u0439\u043a\u0438 \u0434\u043e 60\u043c\u00b2 \u0438 \u0432\u044b\u0441\u043e\u0442\u043e\u0439 \u0434\u043e 5\u043c), \u043e\u0434\u043d\u043e\u0441\u0435\u043c\u0435\u0439\u043d\u043e\u0433\u043e \u0436\u0438\u043b\u043e\u0433\u043e \u0434\u043e\u043c\u0430, \u0434\u0430\u0447\u0438, \u0441\u0430\u0434\u043e\u0432\u043e\u0433\u043e \u0434\u043e\u043c\u0438\u043a\u0430, \u0445\u0443\u0442\u043e\u0440\u0430 \u0438 \u0441\u043e\u043e\u0440\u0443\u0436\u0435\u043d\u0438\u0439 \u0434\u043b\u044f \u043e\u0431\u0441\u043b\u0443\u0436\u0438\u0432\u0430\u043d\u0438\u044f \u0434\u0430\u043d\u043d\u044b\u0445 \u0441\u0442\u0440\u043e\u0435\u043d\u0438\u0439 \u043c\u043e\u0436\u0435\u0442 \u043e\u0441\u0443\u0449\u0435\u0441\u0442\u0432\u043b\u044f\u0442\u044c \u0441\u0430\u043c \u0432\u043b\u0430\u0434\u0435\u043b\u0435\u0446 \u0441\u0442\u0440\u043e\u0435\u043d\u0438\u044f.<\/p>\n\n\n\n<p class=\"wp-el\">\u041f\u043e\u0441\u043a\u043e\u043b\u044c\u043a\u0443 \u0437\u0430\u043a\u043e\u043d\u043e\u0434\u0430\u0442\u0435\u043b\u044c\u0441\u0442\u0432\u043e \u043a\u043e\u043d\u043a\u0440\u0435\u0442\u043d\u043e \u043e\u043f\u0440\u0435\u0434\u0435\u043b\u044f\u0435\u0442 \u043f\u0440\u0430\u0432\u0430 \u0438 \u043e\u0431\u044f\u0437\u0430\u043d\u043d\u043e\u0441\u0442\u0438 \u0438\u0441\u043f\u043e\u043b\u043d\u0438\u0442\u0435\u043b\u044f \u043d\u0430\u0434\u0437\u043e\u0440\u0430 \u0437\u0430\u043a\u0430\u0437\u0447\u0438\u043a\u0430, \u0434\u043b\u044f \u0432\u043b\u0430\u0434\u0435\u043b\u044c\u0446\u0430 \u0441\u0442\u0440\u043e\u0435\u043d\u0438\u044f \u0446\u0435\u043b\u0435\u0441\u043e\u043e\u0431\u0440\u0430\u0437\u043d\u043e \u0437\u0430\u043a\u043b\u044e\u0447\u0438\u0442\u044c \u0441 \u043d\u0438\u043c \u0434\u043e\u0433\u043e\u0432\u043e\u0440.<\/p>\n","protected":false},"excerpt":{"rendered":"<p>\u0426\u0435\u043b\u044c \u0442\u0435\u0445\u043d\u0438\u0447\u0435\u0441\u043a\u043e\u0433\u043e \u043d\u0430\u0434\u0437\u043e\u0440\u0430 \u0441\u043e\u0441\u0442\u043e\u0438\u0442 \u0432 \u0437\u0430\u0449\u0438\u0442\u0435 \u0438\u043d\u0442\u0435\u0440\u0435\u0441\u043e\u0432 \u0437\u0430\u043a\u0430\u0437\u0447\u0438\u043a\u0430 \u0432 \u0445\u043e\u0434\u0435 \u0441\u0442\u0440\u043e\u0438\u0442\u0435\u043b\u044c\u043d\u043e\u0433\u043e \u043f\u0440\u043e\u0446\u0435\u0441\u0441\u0430 \u043e\u0442 \u043d\u0430\u0447\u0430\u043b\u0430 \u0441\u0442\u0440\u043e\u0438\u0442\u0435\u043b\u044c\u0441\u0442\u0432\u0430 \u0434\u043e \u0435\u0433\u043e \u0437\u0430\u0432\u0435\u0440\u0448\u0435\u043d\u0438\u044f \u0438 \u043f\u043e\u043b\u0443\u0447\u0435\u043d\u0438\u044f&#8230;<\/p>\n","protected":false},"author":1,"featured_media":0,"parent":1604,"menu_order":40,"comment_status":"closed","ping_status":"closed","template":"","meta":{"_acf_changed":false,"footnotes":""},"class_list":["post-1343","page","type-page","status-publish","hentry"],"acf":[],"yoast_head":"<!-- This site is optimized with the Yoast SEO plugin v25.5 - https:\/\/yoast.com\/wordpress\/plugins\/seo\/ -->\n<title>\u0422\u0435\u0445\u043d\u0438\u0447\u0435\u0441\u043a\u0438\u0439 \u043d\u0430\u0434\u0437\u043e\u0440 \u0437\u0430\u043a\u0430\u0437\u0447\u0438\u043a\u0430 - Tartu Arhitektuurib\u00fcroo<\/title>\n<meta name=\"robots\" content=\"index, follow, max-snippet:-1, max-image-preview:large, max-video-preview:-1\" \/>\n<link rel=\"canonical\" href=\"https:\/\/arhpro.ee\/ru\/\u043f\u043e\u043b\u0435\u0437\u043d\u0430\u044f-\u0438\u043d\u0444\u043e\u0440\u043c\u0430\u0446\u0438\u044f\/\u0442\u0435\u0445\u043d\u0438\u0447\u0435\u0441\u043a\u0438\u0439-\u043d\u0430\u0434\u0437\u043e\u0440-\u0437\u0430\u043a\u0430\u0437\u0447\u0438\u043a\u0430\/\" \/>\n<meta property=\"og:locale\" content=\"ru_RU\" \/>\n<meta property=\"og:type\" content=\"article\" \/>\n<meta property=\"og:title\" content=\"\u0422\u0435\u0445\u043d\u0438\u0447\u0435\u0441\u043a\u0438\u0439 \u043d\u0430\u0434\u0437\u043e\u0440 \u0437\u0430\u043a\u0430\u0437\u0447\u0438\u043a\u0430 - Tartu Arhitektuurib\u00fcroo\" \/>\n<meta property=\"og:description\" content=\"\u0426\u0435\u043b\u044c \u0442\u0435\u0445\u043d\u0438\u0447\u0435\u0441\u043a\u043e\u0433\u043e \u043d\u0430\u0434\u0437\u043e\u0440\u0430 \u0441\u043e\u0441\u0442\u043e\u0438\u0442 \u0432 \u0437\u0430\u0449\u0438\u0442\u0435 \u0438\u043d\u0442\u0435\u0440\u0435\u0441\u043e\u0432 \u0437\u0430\u043a\u0430\u0437\u0447\u0438\u043a\u0430 \u0432 \u0445\u043e\u0434\u0435 \u0441\u0442\u0440\u043e\u0438\u0442\u0435\u043b\u044c\u043d\u043e\u0433\u043e \u043f\u0440\u043e\u0446\u0435\u0441\u0441\u0430 \u043e\u0442 \u043d\u0430\u0447\u0430\u043b\u0430 \u0441\u0442\u0440\u043e\u0438\u0442\u0435\u043b\u044c\u0441\u0442\u0432\u0430 \u0434\u043e \u0435\u0433\u043e \u0437\u0430\u0432\u0435\u0440\u0448\u0435\u043d\u0438\u044f \u0438 \u043f\u043e\u043b\u0443\u0447\u0435\u043d\u0438\u044f...\" \/>\n<meta property=\"og:url\" content=\"https:\/\/arhpro.ee\/ru\/\u043f\u043e\u043b\u0435\u0437\u043d\u0430\u044f-\u0438\u043d\u0444\u043e\u0440\u043c\u0430\u0446\u0438\u044f\/\u0442\u0435\u0445\u043d\u0438\u0447\u0435\u0441\u043a\u0438\u0439-\u043d\u0430\u0434\u0437\u043e\u0440-\u0437\u0430\u043a\u0430\u0437\u0447\u0438\u043a\u0430\/\" \/>\n<meta property=\"og:site_name\" content=\"Tartu Arhitektuurib\u00fcroo\" \/>\n<meta property=\"article:modified_time\" content=\"2020-08-12T10:20:52+00:00\" \/>\n<meta name=\"twitter:card\" content=\"summary_large_image\" \/>\n<script type=\"application\/ld+json\" class=\"yoast-schema-graph\">{\"@context\":\"https:\/\/schema.org\",\"@graph\":[{\"@type\":\"WebPage\",\"@id\":\"https:\/\/arhpro.ee\/ru\/%d0%bf%d0%be%d0%bb%d0%b5%d0%b7%d0%bd%d0%b0%d1%8f-%d0%b8%d0%bd%d1%84%d0%be%d1%80%d0%bc%d0%b0%d1%86%d0%b8%d1%8f\/%d1%82%d0%b5%d1%85%d0%bd%d0%b8%d1%87%d0%b5%d1%81%d0%ba%d0%b8%d0%b9-%d0%bd%d0%b0%d0%b4%d0%b7%d0%be%d1%80-%d0%b7%d0%b0%d0%ba%d0%b0%d0%b7%d1%87%d0%b8%d0%ba%d0%b0\/\",\"url\":\"https:\/\/arhpro.ee\/ru\/%d0%bf%d0%be%d0%bb%d0%b5%d0%b7%d0%bd%d0%b0%d1%8f-%d0%b8%d0%bd%d1%84%d0%be%d1%80%d0%bc%d0%b0%d1%86%d0%b8%d1%8f\/%d1%82%d0%b5%d1%85%d0%bd%d0%b8%d1%87%d0%b5%d1%81%d0%ba%d0%b8%d0%b9-%d0%bd%d0%b0%d0%b4%d0%b7%d0%be%d1%80-%d0%b7%d0%b0%d0%ba%d0%b0%d0%b7%d1%87%d0%b8%d0%ba%d0%b0\/\",\"name\":\"\u0422\u0435\u0445\u043d\u0438\u0447\u0435\u0441\u043a\u0438\u0439 \u043d\u0430\u0434\u0437\u043e\u0440 \u0437\u0430\u043a\u0430\u0437\u0447\u0438\u043a\u0430 - Tartu Arhitektuurib\u00fcroo\",\"isPartOf\":{\"@id\":\"https:\/\/arhpro.ee\/#website\"},\"datePublished\":\"2020-08-12T10:20:51+00:00\",\"dateModified\":\"2020-08-12T10:20:52+00:00\",\"breadcrumb\":{\"@id\":\"https:\/\/arhpro.ee\/ru\/%d0%bf%d0%be%d0%bb%d0%b5%d0%b7%d0%bd%d0%b0%d1%8f-%d0%b8%d0%bd%d1%84%d0%be%d1%80%d0%bc%d0%b0%d1%86%d0%b8%d1%8f\/%d1%82%d0%b5%d1%85%d0%bd%d0%b8%d1%87%d0%b5%d1%81%d0%ba%d0%b8%d0%b9-%d0%bd%d0%b0%d0%b4%d0%b7%d0%be%d1%80-%d0%b7%d0%b0%d0%ba%d0%b0%d0%b7%d1%87%d0%b8%d0%ba%d0%b0\/#breadcrumb\"},\"inLanguage\":\"ru-RU\",\"potentialAction\":[{\"@type\":\"ReadAction\",\"target\":[\"https:\/\/arhpro.ee\/ru\/%d0%bf%d0%be%d0%bb%d0%b5%d0%b7%d0%bd%d0%b0%d1%8f-%d0%b8%d0%bd%d1%84%d0%be%d1%80%d0%bc%d0%b0%d1%86%d0%b8%d1%8f\/%d1%82%d0%b5%d1%85%d0%bd%d0%b8%d1%87%d0%b5%d1%81%d0%ba%d0%b8%d0%b9-%d0%bd%d0%b0%d0%b4%d0%b7%d0%be%d1%80-%d0%b7%d0%b0%d0%ba%d0%b0%d0%b7%d1%87%d0%b8%d0%ba%d0%b0\/\"]}]},{\"@type\":\"BreadcrumbList\",\"@id\":\"https:\/\/arhpro.ee\/ru\/%d0%bf%d0%be%d0%bb%d0%b5%d0%b7%d0%bd%d0%b0%d1%8f-%d0%b8%d0%bd%d1%84%d0%be%d1%80%d0%bc%d0%b0%d1%86%d0%b8%d1%8f\/%d1%82%d0%b5%d1%85%d0%bd%d0%b8%d1%87%d0%b5%d1%81%d0%ba%d0%b8%d0%b9-%d0%bd%d0%b0%d0%b4%d0%b7%d0%be%d1%80-%d0%b7%d0%b0%d0%ba%d0%b0%d0%b7%d1%87%d0%b8%d0%ba%d0%b0\/#breadcrumb\",\"itemListElement\":[{\"@type\":\"ListItem\",\"position\":1,\"name\":\"Home\",\"item\":\"https:\/\/arhpro.ee\/ru\/\"},{\"@type\":\"ListItem\",\"position\":2,\"name\":\"\u041f\u043e\u043b\u0435\u0437\u043d\u0430\u044f \u0438\u043d\u0444\u043e\u0440\u043c\u0430\u0446\u0438\u044f\",\"item\":\"https:\/\/arhpro.ee\/ru\/%d0%bf%d0%be%d0%bb%d0%b5%d0%b7%d0%bd%d0%b0%d1%8f-%d0%b8%d0%bd%d1%84%d0%be%d1%80%d0%bc%d0%b0%d1%86%d0%b8%d1%8f\/\"},{\"@type\":\"ListItem\",\"position\":3,\"name\":\"\u0422\u0435\u0445\u043d\u0438\u0447\u0435\u0441\u043a\u0438\u0439 \u043d\u0430\u0434\u0437\u043e\u0440 \u0437\u0430\u043a\u0430\u0437\u0447\u0438\u043a\u0430\"}]},{\"@type\":\"WebSite\",\"@id\":\"https:\/\/arhpro.ee\/#website\",\"url\":\"https:\/\/arhpro.ee\/\",\"name\":\"Tartu Arhitektuurib\u00fcroo\",\"description\":\"\",\"potentialAction\":[{\"@type\":\"SearchAction\",\"target\":{\"@type\":\"EntryPoint\",\"urlTemplate\":\"https:\/\/arhpro.ee\/?s={search_term_string}\"},\"query-input\":{\"@type\":\"PropertyValueSpecification\",\"valueRequired\":true,\"valueName\":\"search_term_string\"}}],\"inLanguage\":\"ru-RU\"}]}<\/script>\n<!-- \/ Yoast SEO plugin. -->","yoast_head_json":{"title":"\u0422\u0435\u0445\u043d\u0438\u0447\u0435\u0441\u043a\u0438\u0439 \u043d\u0430\u0434\u0437\u043e\u0440 \u0437\u0430\u043a\u0430\u0437\u0447\u0438\u043a\u0430 - Tartu Arhitektuurib\u00fcroo","robots":{"index":"index","follow":"follow","max-snippet":"max-snippet:-1","max-image-preview":"max-image-preview:large","max-video-preview":"max-video-preview:-1"},"canonical":"https:\/\/arhpro.ee\/ru\/\u043f\u043e\u043b\u0435\u0437\u043d\u0430\u044f-\u0438\u043d\u0444\u043e\u0440\u043c\u0430\u0446\u0438\u044f\/\u0442\u0435\u0445\u043d\u0438\u0447\u0435\u0441\u043a\u0438\u0439-\u043d\u0430\u0434\u0437\u043e\u0440-\u0437\u0430\u043a\u0430\u0437\u0447\u0438\u043a\u0430\/","og_locale":"ru_RU","og_type":"article","og_title":"\u0422\u0435\u0445\u043d\u0438\u0447\u0435\u0441\u043a\u0438\u0439 \u043d\u0430\u0434\u0437\u043e\u0440 \u0437\u0430\u043a\u0430\u0437\u0447\u0438\u043a\u0430 - Tartu Arhitektuurib\u00fcroo","og_description":"\u0426\u0435\u043b\u044c \u0442\u0435\u0445\u043d\u0438\u0447\u0435\u0441\u043a\u043e\u0433\u043e \u043d\u0430\u0434\u0437\u043e\u0440\u0430 \u0441\u043e\u0441\u0442\u043e\u0438\u0442 \u0432 \u0437\u0430\u0449\u0438\u0442\u0435 \u0438\u043d\u0442\u0435\u0440\u0435\u0441\u043e\u0432 \u0437\u0430\u043a\u0430\u0437\u0447\u0438\u043a\u0430 \u0432 \u0445\u043e\u0434\u0435 \u0441\u0442\u0440\u043e\u0438\u0442\u0435\u043b\u044c\u043d\u043e\u0433\u043e \u043f\u0440\u043e\u0446\u0435\u0441\u0441\u0430 \u043e\u0442 \u043d\u0430\u0447\u0430\u043b\u0430 \u0441\u0442\u0440\u043e\u0438\u0442\u0435\u043b\u044c\u0441\u0442\u0432\u0430 \u0434\u043e \u0435\u0433\u043e \u0437\u0430\u0432\u0435\u0440\u0448\u0435\u043d\u0438\u044f \u0438 \u043f\u043e\u043b\u0443\u0447\u0435\u043d\u0438\u044f...","og_url":"https:\/\/arhpro.ee\/ru\/\u043f\u043e\u043b\u0435\u0437\u043d\u0430\u044f-\u0438\u043d\u0444\u043e\u0440\u043c\u0430\u0446\u0438\u044f\/\u0442\u0435\u0445\u043d\u0438\u0447\u0435\u0441\u043a\u0438\u0439-\u043d\u0430\u0434\u0437\u043e\u0440-\u0437\u0430\u043a\u0430\u0437\u0447\u0438\u043a\u0430\/","og_site_name":"Tartu Arhitektuurib\u00fcroo","article_modified_time":"2020-08-12T10:20:52+00:00","twitter_card":"summary_large_image","schema":{"@context":"https:\/\/schema.org","@graph":[{"@type":"WebPage","@id":"https:\/\/arhpro.ee\/ru\/%d0%bf%d0%be%d0%bb%d0%b5%d0%b7%d0%bd%d0%b0%d1%8f-%d0%b8%d0%bd%d1%84%d0%be%d1%80%d0%bc%d0%b0%d1%86%d0%b8%d1%8f\/%d1%82%d0%b5%d1%85%d0%bd%d0%b8%d1%87%d0%b5%d1%81%d0%ba%d0%b8%d0%b9-%d0%bd%d0%b0%d0%b4%d0%b7%d0%be%d1%80-%d0%b7%d0%b0%d0%ba%d0%b0%d0%b7%d1%87%d0%b8%d0%ba%d0%b0\/","url":"https:\/\/arhpro.ee\/ru\/%d0%bf%d0%be%d0%bb%d0%b5%d0%b7%d0%bd%d0%b0%d1%8f-%d0%b8%d0%bd%d1%84%d0%be%d1%80%d0%bc%d0%b0%d1%86%d0%b8%d1%8f\/%d1%82%d0%b5%d1%85%d0%bd%d0%b8%d1%87%d0%b5%d1%81%d0%ba%d0%b8%d0%b9-%d0%bd%d0%b0%d0%b4%d0%b7%d0%be%d1%80-%d0%b7%d0%b0%d0%ba%d0%b0%d0%b7%d1%87%d0%b8%d0%ba%d0%b0\/","name":"\u0422\u0435\u0445\u043d\u0438\u0447\u0435\u0441\u043a\u0438\u0439 \u043d\u0430\u0434\u0437\u043e\u0440 \u0437\u0430\u043a\u0430\u0437\u0447\u0438\u043a\u0430 - Tartu Arhitektuurib\u00fcroo","isPartOf":{"@id":"https:\/\/arhpro.ee\/#website"},"datePublished":"2020-08-12T10:20:51+00:00","dateModified":"2020-08-12T10:20:52+00:00","breadcrumb":{"@id":"https:\/\/arhpro.ee\/ru\/%d0%bf%d0%be%d0%bb%d0%b5%d0%b7%d0%bd%d0%b0%d1%8f-%d0%b8%d0%bd%d1%84%d0%be%d1%80%d0%bc%d0%b0%d1%86%d0%b8%d1%8f\/%d1%82%d0%b5%d1%85%d0%bd%d0%b8%d1%87%d0%b5%d1%81%d0%ba%d0%b8%d0%b9-%d0%bd%d0%b0%d0%b4%d0%b7%d0%be%d1%80-%d0%b7%d0%b0%d0%ba%d0%b0%d0%b7%d1%87%d0%b8%d0%ba%d0%b0\/#breadcrumb"},"inLanguage":"ru-RU","potentialAction":[{"@type":"ReadAction","target":["https:\/\/arhpro.ee\/ru\/%d0%bf%d0%be%d0%bb%d0%b5%d0%b7%d0%bd%d0%b0%d1%8f-%d0%b8%d0%bd%d1%84%d0%be%d1%80%d0%bc%d0%b0%d1%86%d0%b8%d1%8f\/%d1%82%d0%b5%d1%85%d0%bd%d0%b8%d1%87%d0%b5%d1%81%d0%ba%d0%b8%d0%b9-%d0%bd%d0%b0%d0%b4%d0%b7%d0%be%d1%80-%d0%b7%d0%b0%d0%ba%d0%b0%d0%b7%d1%87%d0%b8%d0%ba%d0%b0\/"]}]},{"@type":"BreadcrumbList","@id":"https:\/\/arhpro.ee\/ru\/%d0%bf%d0%be%d0%bb%d0%b5%d0%b7%d0%bd%d0%b0%d1%8f-%d0%b8%d0%bd%d1%84%d0%be%d1%80%d0%bc%d0%b0%d1%86%d0%b8%d1%8f\/%d1%82%d0%b5%d1%85%d0%bd%d0%b8%d1%87%d0%b5%d1%81%d0%ba%d0%b8%d0%b9-%d0%bd%d0%b0%d0%b4%d0%b7%d0%be%d1%80-%d0%b7%d0%b0%d0%ba%d0%b0%d0%b7%d1%87%d0%b8%d0%ba%d0%b0\/#breadcrumb","itemListElement":[{"@type":"ListItem","position":1,"name":"Home","item":"https:\/\/arhpro.ee\/ru\/"},{"@type":"ListItem","position":2,"name":"\u041f\u043e\u043b\u0435\u0437\u043d\u0430\u044f \u0438\u043d\u0444\u043e\u0440\u043c\u0430\u0446\u0438\u044f","item":"https:\/\/arhpro.ee\/ru\/%d0%bf%d0%be%d0%bb%d0%b5%d0%b7%d0%bd%d0%b0%d1%8f-%d0%b8%d0%bd%d1%84%d0%be%d1%80%d0%bc%d0%b0%d1%86%d0%b8%d1%8f\/"},{"@type":"ListItem","position":3,"name":"\u0422\u0435\u0445\u043d\u0438\u0447\u0435\u0441\u043a\u0438\u0439 \u043d\u0430\u0434\u0437\u043e\u0440 \u0437\u0430\u043a\u0430\u0437\u0447\u0438\u043a\u0430"}]},{"@type":"WebSite","@id":"https:\/\/arhpro.ee\/#website","url":"https:\/\/arhpro.ee\/","name":"Tartu Arhitektuurib\u00fcroo","description":"","potentialAction":[{"@type":"SearchAction","target":{"@type":"EntryPoint","urlTemplate":"https:\/\/arhpro.ee\/?s={search_term_string}"},"query-input":{"@type":"PropertyValueSpecification","valueRequired":true,"valueName":"search_term_string"}}],"inLanguage":"ru-RU"}]}},"_links":{"self":[{"href":"https:\/\/arhpro.ee\/ru\/wp-json\/wp\/v2\/pages\/1343","targetHints":{"allow":["GET"]}}],"collection":[{"href":"https:\/\/arhpro.ee\/ru\/wp-json\/wp\/v2\/pages"}],"about":[{"href":"https:\/\/arhpro.ee\/ru\/wp-json\/wp\/v2\/types\/page"}],"author":[{"embeddable":true,"href":"https:\/\/arhpro.ee\/ru\/wp-json\/wp\/v2\/users\/1"}],"replies":[{"embeddable":true,"href":"https:\/\/arhpro.ee\/ru\/wp-json\/wp\/v2\/comments?post=1343"}],"version-history":[{"count":1,"href":"https:\/\/arhpro.ee\/ru\/wp-json\/wp\/v2\/pages\/1343\/revisions"}],"predecessor-version":[{"id":1344,"href":"https:\/\/arhpro.ee\/ru\/wp-json\/wp\/v2\/pages\/1343\/revisions\/1344"}],"up":[{"embeddable":true,"href":"https:\/\/arhpro.ee\/ru\/wp-json\/wp\/v2\/pages\/1604"}],"wp:attachment":[{"href":"https:\/\/arhpro.ee\/ru\/wp-json\/wp\/v2\/media?parent=1343"}],"curies":[{"name":"wp","href":"https:\/\/api.w.org\/{rel}","templated":true}]}}