{"id":1335,"date":"2020-08-12T13:02:50","date_gmt":"2020-08-12T10:02:50","guid":{"rendered":"https:\/\/www.arhpro.ee\/?page_id=1335"},"modified":"2020-08-12T13:02:52","modified_gmt":"2020-08-12T10:02:52","slug":"%d1%8d%d1%81%d0%ba%d0%b8%d0%b7%d0%bd%d1%8b%d0%b9-%d0%bf%d1%80%d0%be%d0%b5%d0%ba%d1%82","status":"publish","type":"page","link":"https:\/\/arhpro.ee\/ru\/%d0%bf%d0%be%d0%bb%d0%b5%d0%b7%d0%bd%d0%b0%d1%8f-%d0%b8%d0%bd%d1%84%d0%be%d1%80%d0%bc%d0%b0%d1%86%d0%b8%d1%8f\/%d1%8d%d1%81%d0%ba%d0%b8%d0%b7%d0%bd%d1%8b%d0%b9-%d0%bf%d1%80%d0%be%d0%b5%d0%ba%d1%82\/","title":{"rendered":"\u042d\u0441\u043a\u0438\u0437\u043d\u044b\u0439 \u043f\u0440\u043e\u0435\u043a\u0442"},"content":{"rendered":"\n<p class=\"wp-el\">\u0417\u0430\u043a\u0430\u0437\u0447\u0438\u043a \u043f\u0440\u0435\u0434\u043e\u0441\u0442\u0430\u0432\u043b\u044f\u0435\u0442 \u0430\u0440\u0445\u0438\u0442\u0435\u043a\u0442\u043e\u0440\u0443 \u0438\u0441\u0445\u043e\u0434\u043d\u043e\u0435 \u0437\u0430\u0434\u0430\u043d\u0438\u0435, \u043d\u0430 \u043e\u0441\u043d\u043e\u0432\u0430\u043d\u0438\u0438 \u043a\u043e\u0442\u043e\u0440\u043e\u0433\u043e \u043f\u0440\u0435\u043a\u0442\u0438\u0440\u043e\u0432\u0449\u0438\u043a \u0440\u0430\u0437\u0440\u0430\u0431\u0430\u0442\u044b\u0432\u0430\u0435\u0442 \u0441\u0432\u043e\u044e \u043a\u043e\u043d\u0446\u0435\u043f\u0446\u0438\u044e. \u041f\u043e\u0441\u043b\u0435 2-3\u0445 \u043d\u0435\u0434\u0435\u043b\u044c (\u0432\u0440\u0435\u043c\u044f \u0437\u0430\u0432\u0438\u0441\u0438\u0442 \u043e\u0442 \u0432\u0435\u043b\u0438\u0447\u0438\u043d\u044b, \u0441\u043b\u043e\u0436\u043d\u043e\u0441\u0442\u0438 \u043f\u0440\u043e\u0435\u043a\u0442\u0438\u0440\u0443\u0435\u043c\u043e\u0433\u043e \u043e\u0431\u044a\u0435\u043a\u0442\u0430 \u0438 \u0443\u0441\u043b\u043e\u0432\u0438\u0439 \u043d\u0430 \u043f\u0440\u043e\u0435\u043a\u0442\u0438\u0440\u043e\u0432\u0430\u043d\u0438\u0435) \u0440\u0430\u0431\u043e\u0442\u044b \u0441\u043a\u043b\u0430\u0434\u044b\u0432\u0430\u0435\u0442\u0441\u044f \u044d\u0441\u043a\u0438\u0437\u043d\u044b\u0439 \u043f\u0440\u043e\u0435\u043a\u0442, \u044f\u0432\u043b\u044f\u044e\u0449\u0438\u0439\u0441\u044f \u0440\u0435\u0437\u0443\u043b\u044c\u0442\u0430\u0442\u043e\u043c \u0441\u043e\u0432\u043c\u0435\u0441\u0442\u043d\u044b\u0445 \u0443\u0441\u0438\u043b\u0438\u0439 \u0430\u0440\u0445\u0438\u0442\u0435\u043a\u0442\u043e\u0440\u0430 \u0438 \u0437\u0430\u043a\u0430\u0437\u0447\u0438\u043a\u0430. \u041e\u0431\u044b\u0447\u043d\u043e \u044d\u0441\u043a\u0438\u0437\u043d\u044b\u0439 \u043f\u0440\u043e\u0435\u043a\u0442 \u0432\u043a\u043b\u044e\u0447\u0430\u0435\u0442 \u0432 \u0441\u0435\u0431\u044f \u0441\u043b\u0435\u0434\u0443\u044e\u0449\u0438\u0435 \u043c\u0430\u0442\u0435\u0440\u0438\u0430\u043b\u044b:<\/p>\n\n\n\n<ul class=\"wp-el wp-block-list\"><li>esialgseid plaani-, vaadete- ja l\u00f5ikejooniseid ning \u00fcldiseid andmeid (ruumi nimetusi, pindalasid ning gabariitm\u00f5\u00f5te);<\/li><li>hoone v\u00e4liskuju ning konfiguratsioon (mis edasise projekteerimise k\u00e4igus t\u00e4psustub ning detailiseerub);<\/li><li>seletuskirjas antakse \u00fcldine krundi ja hoone arhitektuurne lahendus, \u00fcldised konstruktsiooni materjalid ning tehnilised n\u00e4itajad;<\/li><li>maksumus ca 1\/3 p\u00f5hiprojekti maksumusest.<\/li><\/ul>\n\n\n\n<p class=\"wp-el\">\u00dcldjuhul on vaja tellijale ja arhitektile hoone konfiguratsiooni kinnitamiseks ja<br>edasiseks aluseks projekteerimisel eriosade inseneridele ja konstruktoritele.<br>Ekskiisprojekti v\u00f5ib vaja olla olenevalt objektist koosk\u00f5lastamiseks omavalitsuse ametnike ja arhitektidega.<\/p>\n","protected":false},"excerpt":{"rendered":"<p>\u0417\u0430\u043a\u0430\u0437\u0447\u0438\u043a \u043f\u0440\u0435\u0434\u043e\u0441\u0442\u0430\u0432\u043b\u044f\u0435\u0442 \u0430\u0440\u0445\u0438\u0442\u0435\u043a\u0442\u043e\u0440\u0443 \u0438\u0441\u0445\u043e\u0434\u043d\u043e\u0435 \u0437\u0430\u0434\u0430\u043d\u0438\u0435, \u043d\u0430 \u043e\u0441\u043d\u043e\u0432\u0430\u043d\u0438\u0438 \u043a\u043e\u0442\u043e\u0440\u043e\u0433\u043e \u043f\u0440\u0435\u043a\u0442\u0438\u0440\u043e\u0432\u0449\u0438\u043a \u0440\u0430\u0437\u0440\u0430\u0431\u0430\u0442\u044b\u0432\u0430\u0435\u0442 \u0441\u0432\u043e\u044e \u043a\u043e\u043d\u0446\u0435\u043f\u0446\u0438\u044e. \u041f\u043e\u0441\u043b\u0435 2-3\u0445 \u043d\u0435\u0434\u0435\u043b\u044c (\u0432\u0440\u0435\u043c\u044f \u0437\u0430\u0432\u0438\u0441\u0438\u0442 \u043e\u0442 \u0432\u0435\u043b\u0438\u0447\u0438\u043d\u044b, \u0441\u043b\u043e\u0436\u043d\u043e\u0441\u0442\u0438&#8230;<\/p>\n","protected":false},"author":1,"featured_media":0,"parent":1604,"menu_order":30,"comment_status":"closed","ping_status":"closed","template":"","meta":{"_acf_changed":false,"footnotes":""},"class_list":["post-1335","page","type-page","status-publish","hentry"],"acf":[],"yoast_head":"<!-- This site is optimized with the Yoast SEO plugin v25.5 - https:\/\/yoast.com\/wordpress\/plugins\/seo\/ -->\n<title>\u042d\u0441\u043a\u0438\u0437\u043d\u044b\u0439 \u043f\u0440\u043e\u0435\u043a\u0442 - Tartu Arhitektuurib\u00fcroo<\/title>\n<meta name=\"robots\" content=\"index, follow, max-snippet:-1, max-image-preview:large, max-video-preview:-1\" \/>\n<link rel=\"canonical\" href=\"https:\/\/arhpro.ee\/ru\/\u043f\u043e\u043b\u0435\u0437\u043d\u0430\u044f-\u0438\u043d\u0444\u043e\u0440\u043c\u0430\u0446\u0438\u044f\/\u044d\u0441\u043a\u0438\u0437\u043d\u044b\u0439-\u043f\u0440\u043e\u0435\u043a\u0442\/\" \/>\n<meta property=\"og:locale\" content=\"ru_RU\" \/>\n<meta property=\"og:type\" content=\"article\" \/>\n<meta property=\"og:title\" content=\"\u042d\u0441\u043a\u0438\u0437\u043d\u044b\u0439 \u043f\u0440\u043e\u0435\u043a\u0442 - Tartu Arhitektuurib\u00fcroo\" \/>\n<meta property=\"og:description\" content=\"\u0417\u0430\u043a\u0430\u0437\u0447\u0438\u043a \u043f\u0440\u0435\u0434\u043e\u0441\u0442\u0430\u0432\u043b\u044f\u0435\u0442 \u0430\u0440\u0445\u0438\u0442\u0435\u043a\u0442\u043e\u0440\u0443 \u0438\u0441\u0445\u043e\u0434\u043d\u043e\u0435 \u0437\u0430\u0434\u0430\u043d\u0438\u0435, \u043d\u0430 \u043e\u0441\u043d\u043e\u0432\u0430\u043d\u0438\u0438 \u043a\u043e\u0442\u043e\u0440\u043e\u0433\u043e \u043f\u0440\u0435\u043a\u0442\u0438\u0440\u043e\u0432\u0449\u0438\u043a \u0440\u0430\u0437\u0440\u0430\u0431\u0430\u0442\u044b\u0432\u0430\u0435\u0442 \u0441\u0432\u043e\u044e \u043a\u043e\u043d\u0446\u0435\u043f\u0446\u0438\u044e. \u041f\u043e\u0441\u043b\u0435 2-3\u0445 \u043d\u0435\u0434\u0435\u043b\u044c (\u0432\u0440\u0435\u043c\u044f \u0437\u0430\u0432\u0438\u0441\u0438\u0442 \u043e\u0442 \u0432\u0435\u043b\u0438\u0447\u0438\u043d\u044b, \u0441\u043b\u043e\u0436\u043d\u043e\u0441\u0442\u0438...\" \/>\n<meta property=\"og:url\" content=\"https:\/\/arhpro.ee\/ru\/\u043f\u043e\u043b\u0435\u0437\u043d\u0430\u044f-\u0438\u043d\u0444\u043e\u0440\u043c\u0430\u0446\u0438\u044f\/\u044d\u0441\u043a\u0438\u0437\u043d\u044b\u0439-\u043f\u0440\u043e\u0435\u043a\u0442\/\" \/>\n<meta property=\"og:site_name\" content=\"Tartu Arhitektuurib\u00fcroo\" \/>\n<meta property=\"article:modified_time\" content=\"2020-08-12T10:02:52+00:00\" \/>\n<meta name=\"twitter:card\" content=\"summary_large_image\" \/>\n<script type=\"application\/ld+json\" class=\"yoast-schema-graph\">{\"@context\":\"https:\/\/schema.org\",\"@graph\":[{\"@type\":\"WebPage\",\"@id\":\"https:\/\/arhpro.ee\/ru\/%d0%bf%d0%be%d0%bb%d0%b5%d0%b7%d0%bd%d0%b0%d1%8f-%d0%b8%d0%bd%d1%84%d0%be%d1%80%d0%bc%d0%b0%d1%86%d0%b8%d1%8f\/%d1%8d%d1%81%d0%ba%d0%b8%d0%b7%d0%bd%d1%8b%d0%b9-%d0%bf%d1%80%d0%be%d0%b5%d0%ba%d1%82\/\",\"url\":\"https:\/\/arhpro.ee\/ru\/%d0%bf%d0%be%d0%bb%d0%b5%d0%b7%d0%bd%d0%b0%d1%8f-%d0%b8%d0%bd%d1%84%d0%be%d1%80%d0%bc%d0%b0%d1%86%d0%b8%d1%8f\/%d1%8d%d1%81%d0%ba%d0%b8%d0%b7%d0%bd%d1%8b%d0%b9-%d0%bf%d1%80%d0%be%d0%b5%d0%ba%d1%82\/\",\"name\":\"\u042d\u0441\u043a\u0438\u0437\u043d\u044b\u0439 \u043f\u0440\u043e\u0435\u043a\u0442 - Tartu Arhitektuurib\u00fcroo\",\"isPartOf\":{\"@id\":\"https:\/\/arhpro.ee\/#website\"},\"datePublished\":\"2020-08-12T10:02:50+00:00\",\"dateModified\":\"2020-08-12T10:02:52+00:00\",\"breadcrumb\":{\"@id\":\"https:\/\/arhpro.ee\/ru\/%d0%bf%d0%be%d0%bb%d0%b5%d0%b7%d0%bd%d0%b0%d1%8f-%d0%b8%d0%bd%d1%84%d0%be%d1%80%d0%bc%d0%b0%d1%86%d0%b8%d1%8f\/%d1%8d%d1%81%d0%ba%d0%b8%d0%b7%d0%bd%d1%8b%d0%b9-%d0%bf%d1%80%d0%be%d0%b5%d0%ba%d1%82\/#breadcrumb\"},\"inLanguage\":\"ru-RU\",\"potentialAction\":[{\"@type\":\"ReadAction\",\"target\":[\"https:\/\/arhpro.ee\/ru\/%d0%bf%d0%be%d0%bb%d0%b5%d0%b7%d0%bd%d0%b0%d1%8f-%d0%b8%d0%bd%d1%84%d0%be%d1%80%d0%bc%d0%b0%d1%86%d0%b8%d1%8f\/%d1%8d%d1%81%d0%ba%d0%b8%d0%b7%d0%bd%d1%8b%d0%b9-%d0%bf%d1%80%d0%be%d0%b5%d0%ba%d1%82\/\"]}]},{\"@type\":\"BreadcrumbList\",\"@id\":\"https:\/\/arhpro.ee\/ru\/%d0%bf%d0%be%d0%bb%d0%b5%d0%b7%d0%bd%d0%b0%d1%8f-%d0%b8%d0%bd%d1%84%d0%be%d1%80%d0%bc%d0%b0%d1%86%d0%b8%d1%8f\/%d1%8d%d1%81%d0%ba%d0%b8%d0%b7%d0%bd%d1%8b%d0%b9-%d0%bf%d1%80%d0%be%d0%b5%d0%ba%d1%82\/#breadcrumb\",\"itemListElement\":[{\"@type\":\"ListItem\",\"position\":1,\"name\":\"Home\",\"item\":\"https:\/\/arhpro.ee\/ru\/\"},{\"@type\":\"ListItem\",\"position\":2,\"name\":\"\u041f\u043e\u043b\u0435\u0437\u043d\u0430\u044f \u0438\u043d\u0444\u043e\u0440\u043c\u0430\u0446\u0438\u044f\",\"item\":\"https:\/\/arhpro.ee\/ru\/%d0%bf%d0%be%d0%bb%d0%b5%d0%b7%d0%bd%d0%b0%d1%8f-%d0%b8%d0%bd%d1%84%d0%be%d1%80%d0%bc%d0%b0%d1%86%d0%b8%d1%8f\/\"},{\"@type\":\"ListItem\",\"position\":3,\"name\":\"\u042d\u0441\u043a\u0438\u0437\u043d\u044b\u0439 \u043f\u0440\u043e\u0435\u043a\u0442\"}]},{\"@type\":\"WebSite\",\"@id\":\"https:\/\/arhpro.ee\/#website\",\"url\":\"https:\/\/arhpro.ee\/\",\"name\":\"Tartu Arhitektuurib\u00fcroo\",\"description\":\"\",\"potentialAction\":[{\"@type\":\"SearchAction\",\"target\":{\"@type\":\"EntryPoint\",\"urlTemplate\":\"https:\/\/arhpro.ee\/?s={search_term_string}\"},\"query-input\":{\"@type\":\"PropertyValueSpecification\",\"valueRequired\":true,\"valueName\":\"search_term_string\"}}],\"inLanguage\":\"ru-RU\"}]}<\/script>\n<!-- \/ Yoast SEO plugin. -->","yoast_head_json":{"title":"\u042d\u0441\u043a\u0438\u0437\u043d\u044b\u0439 \u043f\u0440\u043e\u0435\u043a\u0442 - Tartu Arhitektuurib\u00fcroo","robots":{"index":"index","follow":"follow","max-snippet":"max-snippet:-1","max-image-preview":"max-image-preview:large","max-video-preview":"max-video-preview:-1"},"canonical":"https:\/\/arhpro.ee\/ru\/\u043f\u043e\u043b\u0435\u0437\u043d\u0430\u044f-\u0438\u043d\u0444\u043e\u0440\u043c\u0430\u0446\u0438\u044f\/\u044d\u0441\u043a\u0438\u0437\u043d\u044b\u0439-\u043f\u0440\u043e\u0435\u043a\u0442\/","og_locale":"ru_RU","og_type":"article","og_title":"\u042d\u0441\u043a\u0438\u0437\u043d\u044b\u0439 \u043f\u0440\u043e\u0435\u043a\u0442 - Tartu Arhitektuurib\u00fcroo","og_description":"\u0417\u0430\u043a\u0430\u0437\u0447\u0438\u043a \u043f\u0440\u0435\u0434\u043e\u0441\u0442\u0430\u0432\u043b\u044f\u0435\u0442 \u0430\u0440\u0445\u0438\u0442\u0435\u043a\u0442\u043e\u0440\u0443 \u0438\u0441\u0445\u043e\u0434\u043d\u043e\u0435 \u0437\u0430\u0434\u0430\u043d\u0438\u0435, \u043d\u0430 \u043e\u0441\u043d\u043e\u0432\u0430\u043d\u0438\u0438 \u043a\u043e\u0442\u043e\u0440\u043e\u0433\u043e \u043f\u0440\u0435\u043a\u0442\u0438\u0440\u043e\u0432\u0449\u0438\u043a \u0440\u0430\u0437\u0440\u0430\u0431\u0430\u0442\u044b\u0432\u0430\u0435\u0442 \u0441\u0432\u043e\u044e \u043a\u043e\u043d\u0446\u0435\u043f\u0446\u0438\u044e. \u041f\u043e\u0441\u043b\u0435 2-3\u0445 \u043d\u0435\u0434\u0435\u043b\u044c (\u0432\u0440\u0435\u043c\u044f \u0437\u0430\u0432\u0438\u0441\u0438\u0442 \u043e\u0442 \u0432\u0435\u043b\u0438\u0447\u0438\u043d\u044b, \u0441\u043b\u043e\u0436\u043d\u043e\u0441\u0442\u0438...","og_url":"https:\/\/arhpro.ee\/ru\/\u043f\u043e\u043b\u0435\u0437\u043d\u0430\u044f-\u0438\u043d\u0444\u043e\u0440\u043c\u0430\u0446\u0438\u044f\/\u044d\u0441\u043a\u0438\u0437\u043d\u044b\u0439-\u043f\u0440\u043e\u0435\u043a\u0442\/","og_site_name":"Tartu Arhitektuurib\u00fcroo","article_modified_time":"2020-08-12T10:02:52+00:00","twitter_card":"summary_large_image","schema":{"@context":"https:\/\/schema.org","@graph":[{"@type":"WebPage","@id":"https:\/\/arhpro.ee\/ru\/%d0%bf%d0%be%d0%bb%d0%b5%d0%b7%d0%bd%d0%b0%d1%8f-%d0%b8%d0%bd%d1%84%d0%be%d1%80%d0%bc%d0%b0%d1%86%d0%b8%d1%8f\/%d1%8d%d1%81%d0%ba%d0%b8%d0%b7%d0%bd%d1%8b%d0%b9-%d0%bf%d1%80%d0%be%d0%b5%d0%ba%d1%82\/","url":"https:\/\/arhpro.ee\/ru\/%d0%bf%d0%be%d0%bb%d0%b5%d0%b7%d0%bd%d0%b0%d1%8f-%d0%b8%d0%bd%d1%84%d0%be%d1%80%d0%bc%d0%b0%d1%86%d0%b8%d1%8f\/%d1%8d%d1%81%d0%ba%d0%b8%d0%b7%d0%bd%d1%8b%d0%b9-%d0%bf%d1%80%d0%be%d0%b5%d0%ba%d1%82\/","name":"\u042d\u0441\u043a\u0438\u0437\u043d\u044b\u0439 \u043f\u0440\u043e\u0435\u043a\u0442 - Tartu Arhitektuurib\u00fcroo","isPartOf":{"@id":"https:\/\/arhpro.ee\/#website"},"datePublished":"2020-08-12T10:02:50+00:00","dateModified":"2020-08-12T10:02:52+00:00","breadcrumb":{"@id":"https:\/\/arhpro.ee\/ru\/%d0%bf%d0%be%d0%bb%d0%b5%d0%b7%d0%bd%d0%b0%d1%8f-%d0%b8%d0%bd%d1%84%d0%be%d1%80%d0%bc%d0%b0%d1%86%d0%b8%d1%8f\/%d1%8d%d1%81%d0%ba%d0%b8%d0%b7%d0%bd%d1%8b%d0%b9-%d0%bf%d1%80%d0%be%d0%b5%d0%ba%d1%82\/#breadcrumb"},"inLanguage":"ru-RU","potentialAction":[{"@type":"ReadAction","target":["https:\/\/arhpro.ee\/ru\/%d0%bf%d0%be%d0%bb%d0%b5%d0%b7%d0%bd%d0%b0%d1%8f-%d0%b8%d0%bd%d1%84%d0%be%d1%80%d0%bc%d0%b0%d1%86%d0%b8%d1%8f\/%d1%8d%d1%81%d0%ba%d0%b8%d0%b7%d0%bd%d1%8b%d0%b9-%d0%bf%d1%80%d0%be%d0%b5%d0%ba%d1%82\/"]}]},{"@type":"BreadcrumbList","@id":"https:\/\/arhpro.ee\/ru\/%d0%bf%d0%be%d0%bb%d0%b5%d0%b7%d0%bd%d0%b0%d1%8f-%d0%b8%d0%bd%d1%84%d0%be%d1%80%d0%bc%d0%b0%d1%86%d0%b8%d1%8f\/%d1%8d%d1%81%d0%ba%d0%b8%d0%b7%d0%bd%d1%8b%d0%b9-%d0%bf%d1%80%d0%be%d0%b5%d0%ba%d1%82\/#breadcrumb","itemListElement":[{"@type":"ListItem","position":1,"name":"Home","item":"https:\/\/arhpro.ee\/ru\/"},{"@type":"ListItem","position":2,"name":"\u041f\u043e\u043b\u0435\u0437\u043d\u0430\u044f \u0438\u043d\u0444\u043e\u0440\u043c\u0430\u0446\u0438\u044f","item":"https:\/\/arhpro.ee\/ru\/%d0%bf%d0%be%d0%bb%d0%b5%d0%b7%d0%bd%d0%b0%d1%8f-%d0%b8%d0%bd%d1%84%d0%be%d1%80%d0%bc%d0%b0%d1%86%d0%b8%d1%8f\/"},{"@type":"ListItem","position":3,"name":"\u042d\u0441\u043a\u0438\u0437\u043d\u044b\u0439 \u043f\u0440\u043e\u0435\u043a\u0442"}]},{"@type":"WebSite","@id":"https:\/\/arhpro.ee\/#website","url":"https:\/\/arhpro.ee\/","name":"Tartu Arhitektuurib\u00fcroo","description":"","potentialAction":[{"@type":"SearchAction","target":{"@type":"EntryPoint","urlTemplate":"https:\/\/arhpro.ee\/?s={search_term_string}"},"query-input":{"@type":"PropertyValueSpecification","valueRequired":true,"valueName":"search_term_string"}}],"inLanguage":"ru-RU"}]}},"_links":{"self":[{"href":"https:\/\/arhpro.ee\/ru\/wp-json\/wp\/v2\/pages\/1335","targetHints":{"allow":["GET"]}}],"collection":[{"href":"https:\/\/arhpro.ee\/ru\/wp-json\/wp\/v2\/pages"}],"about":[{"href":"https:\/\/arhpro.ee\/ru\/wp-json\/wp\/v2\/types\/page"}],"author":[{"embeddable":true,"href":"https:\/\/arhpro.ee\/ru\/wp-json\/wp\/v2\/users\/1"}],"replies":[{"embeddable":true,"href":"https:\/\/arhpro.ee\/ru\/wp-json\/wp\/v2\/comments?post=1335"}],"version-history":[{"count":1,"href":"https:\/\/arhpro.ee\/ru\/wp-json\/wp\/v2\/pages\/1335\/revisions"}],"predecessor-version":[{"id":1336,"href":"https:\/\/arhpro.ee\/ru\/wp-json\/wp\/v2\/pages\/1335\/revisions\/1336"}],"up":[{"embeddable":true,"href":"https:\/\/arhpro.ee\/ru\/wp-json\/wp\/v2\/pages\/1604"}],"wp:attachment":[{"href":"https:\/\/arhpro.ee\/ru\/wp-json\/wp\/v2\/media?parent=1335"}],"curies":[{"name":"wp","href":"https:\/\/api.w.org\/{rel}","templated":true}]}}