{"id":1329,"date":"2020-08-12T12:50:48","date_gmt":"2020-08-12T09:50:48","guid":{"rendered":"https:\/\/www.arhpro.ee\/?page_id=1329"},"modified":"2020-08-12T12:55:33","modified_gmt":"2020-08-12T09:55:33","slug":"detailplaneering","status":"publish","type":"page","link":"https:\/\/arhpro.ee\/ru\/%d0%bf%d0%be%d0%bb%d0%b5%d0%b7%d0%bd%d0%b0%d1%8f-%d0%b8%d0%bd%d1%84%d0%be%d1%80%d0%bc%d0%b0%d1%86%d0%b8%d1%8f\/detailplaneering\/","title":{"rendered":"\u0414\u0435\u0442\u0430\u043b\u044c\u043d\u0430\u044f \u043f\u043b\u0430\u043d\u0438\u0440\u043e\u0432\u043a\u0430"},"content":{"rendered":"\n<p class=\"wp-el\">\u0414\u0435\u0442\u0430\u043b\u044c\u043d\u0430\u044f \u043f\u043b\u0430\u043d\u0438\u0440\u043e\u0432\u043a\u0430 \u0441\u043e\u0441\u0442\u0430\u0432\u043b\u044f\u0435\u0442\u0441\u044f \u0434\u043b\u044f \u043a\u043e\u043d\u043a\u0440\u0435\u0442\u043d\u043e\u0439 \u0442\u0435\u0440\u0440\u0438\u0442\u043e\u0440\u0438\u0438 \u043d\u0430 \u043f\u0440\u0435\u0434\u0432\u0430\u0440\u044f\u044e\u0449\u0435\u0439 \u0441\u0442\u0440\u043e\u0438\u0442\u0435\u043b\u044c\u0441\u0442\u0432\u043e \u0441\u0442\u0430\u0434\u0438\u0438.<\/p>\n\n\n\n<p class=\"wp-el\">\u0426\u0435\u043b\u044c \u0434\u0435\u0442\u0430\u043b\u044c\u043d\u043e\u0439 \u043f\u043b\u0430\u043d\u0438\u0440\u043e\u0432\u043a\u0438 \u2013 \u0440\u0435\u0448\u0435\u043d\u0438\u0435 \u0441\u0432\u044f\u0437\u0430\u043d\u043d\u044b\u0445 \u0441 \u0438\u043f\u043e\u043b\u044c\u0437\u043e\u0432\u0430\u043d\u0438\u0435\u043c \u043f\u0440\u043e\u0441\u0442\u0440\u0430\u043d\u043d\u0441\u0442\u0432\u0435\u043d\u043d\u043e\u0439 \u0441\u0440\u0435\u0434\u044b \u0432\u043e\u043f\u0440\u043e\u0441\u043e\u0432. \u041f\u043b\u0430\u043d\u0438\u0440\u043e\u0432\u043a\u0430 \u0441\u043e\u0441\u0442\u0430\u0432\u043b\u044f\u0435\u0442\u0441\u044f \u043d\u0430 \u0447\u0430\u0441\u0442\u044c \u0442\u0435\u0440\u0440\u0438\u0442\u043e\u0440\u0438\u0438 \u0433\u043e\u0440\u043e\u0434\u0430 \u0438\u043b\u0438 \u0443\u0435\u0437\u0434\u0430 \u0438 \u044f\u0432\u043b\u044f\u0435\u0442\u0441\u044f \u043e\u0441\u043d\u043e\u0432\u0430\u043d\u0438\u0435\u043c \u043f\u043b\u0430\u043d\u0438\u0440\u0443\u0435\u043c\u043e\u0439 \u043d\u0430 \u0431\u043b\u0438\u0436\u0430\u0439\u0448\u0438\u0435 \u0433\u043e\u0434\u044b \u0441\u0442\u0440\u043e\u0438\u0442\u0435\u043b\u044c\u043d\u043e\u0439 \u0434\u0435\u044f\u0442\u0435\u043b\u044c\u043d\u043e\u0441\u0442\u0438. \u041e \u043d\u0430\u0447\u0430\u0442\u043e\u0439 \u0434\u0435\u0442\u0430\u043b\u044c\u043d\u043e\u0439 \u043f\u043b\u0430\u043d\u0438\u0440\u043e\u0432\u043a\u0435 \u0441\u043e\u043e\u0431\u0449\u0430\u0435\u0442\u0441\u044f \u0447\u0435\u0440\u0435\u0437 \u043c\u0435\u0441\u0442\u043d\u044b\u0435 \u0441\u0440\u0435\u0434\u0441\u0442\u0432\u0430 \u043c\u0430\u0441\u0441\u043e\u0432\u043e\u0439 \u0438\u043d\u0444\u043e\u0440\u043c\u0430\u0446\u0438\u0438.<\/p>\n\n\n\n<figure class=\"wp-block-image size-large\"><img decoding=\"async\" width=\"412\" height=\"370\" src=\"https:\/\/arhpro.ee\/wp-content\/uploads\/2020\/08\/plaan.jpg\" alt=\"\" class=\"wp-image-544\" \/><\/figure>\n\n\n\n<p class=\"wp-el\">M\u00f5ned t\u00e4htsamad punktid Planeerimisseadusest detailplaneeringu kohta:<\/p>\n\n\n\n<p class=\"wp-el\">\u00a7 3. Planeerimise p\u00f5him\u00f5tted<\/p>\n\n\n\n<p class=\"wp-el\">(2) Detailplaneeringu koostamine on kohustuslik linnades ja alevites ning alevike ja k\u00fclade olemasolevatel ja kavandatavatel selgelt piiritletavatel kompaktse asustusega territooriumi osadel:<\/p>\n\n\n\n<p class=\"wp-el\">1) uute hoonete, v\u00e4lja arvatud \u00fcksikelamu k\u00f5rvalhooned, suvila k\u00f5rvalhooned ja aiamaja k\u00f5rvalhooned ning teised kuni 20 m2 ehitusaluse pindalaga v\u00e4ikehooned, ehitusprojekti koostamise ja p\u00fcstitamise aluseks;<br>2) olemasolevate hoonete, v\u00e4lja arvatud \u00fcksikelamu, suvila ja aiamaja ning nende k\u00f5rvalhooned, maapealsest kubatuurist \u00fcle 33 protsendi suuruse laiendamise ja selle ehitusprojekti koostamise aluseks;<br>3) maa-alade kruntideks jaotamise korral.<\/p>\n\n\n\n<p class=\"wp-el\">\u00a7 9. Detailplaneering<\/p>\n\n\n\n<p class=\"wp-el\">(1) Detailplaneering koostatakse l\u00e4hiaastate ehitustegevuse ja maakasutuse aluseks valla v\u00f5i linna territooriumi osa kohta.<\/p>\n\n\n\n<p class=\"wp-el\">(2) Detailplaneeringu eesm\u00e4rgid on:<br>1) planeeritava maa-ala kruntideks jaotamine;<br>2) krundi ehitus\u00f5iguse m\u00e4\u00e4ramine;<br>3) krundi hoonestusala, see t\u00e4hendab krundi osa, kuhu v\u00f5ib rajada krundi ehitus\u00f5igusega lubatud hooneid, piiritlemine;<br>4) t\u00e4navate maa-alade ja liikluskorralduse m\u00e4\u00e4ramine ning vajaduse korral era\u00f5igusliku isiku maal asuva, olemasoleva v\u00f5i kavandatava t\u00e4nava avalikult kasutatavaks teeks m\u00e4\u00e4ramine teeseaduses s\u00e4testatud korras;<br>5) haljastuse ja heakorrastuse p\u00f5him\u00f5tete m\u00e4\u00e4ramine;<br>6) kujade m\u00e4\u00e4ramine;<br>7) tehnov\u00f5rkude ja -rajatiste asukoha m\u00e4\u00e4ramine;<br>8) keskkonnatingimuste seadmine planeeringuga kavandatu elluviimiseks ja vajaduse korral ehitiste m\u00e4\u00e4ramine, mille ehitusprojekti koostamisel on vaja l\u00e4bi viia keskkonnam\u00f5ju hindamine;<br>9) vajaduse korral ettepanekute tegemine kaitse alla v\u00f5etud maa-alade ja \u00fcksikobjektide kaitsere\u00feiimi t\u00e4psustamiseks, muutmiseks v\u00f5i l\u00f5petamiseks;<br>10) vajaduse korral ettepanekute tegemine maa-alade v\u00f5i \u00fcksikobjektide kaitse alla v\u00f5tmiseks;<br>11) vajaduse korral milj\u00f6\u00f6v\u00e4\u00e4rtusega hoonestusalade m\u00e4\u00e4ramine ning nende kaitse- ja kasutamistingimuste seadmine;<br>12) vajaduse korral ehitiste olulisemate arhitektuurin\u00f5uete seadmine;<br>13) servituutide vajaduse m\u00e4\u00e4ramine;<br>14) vajaduse korral riigikaitselise otstarbega maa-alade m\u00e4\u00e4ramine;<br>15) kuritegevuse riske v\u00e4hendavate n\u00f5uete ja tingimuste seadmine;<br>16) muude seadustest ja teistest \u00f5igusaktidest tulenevate kinnisomandi kitsenduste ulatuse m\u00e4\u00e4ramine planeeritaval maa-alal.<\/p>\n\n\n\n<p class=\"wp-el\">(3) Krunt on ehitamiseks kavandatud maa\u00fcksus detailplaneeringu koostamise kohustusega alal.<\/p>\n\n\n\n<p class=\"wp-el\">(4) Krundi ehitus\u00f5igusega on m\u00e4\u00e4ratletud:<br>1) krundi kasutamise sihtotstarve v\u00f5i sihtotstarbed;<br>2) hoonete suurim lubatud arv krundil;<br>3) hoonete suurim lubatud ehitusalune pindala;<br>4) hoonete suurim lubatud k\u00f5rgus.<\/p>\n\n\n\n<p class=\"wp-el\">(5) Kuja on ehitiste v\u00e4ikseim lubatud vahekaugus.<\/p>\n\n\n\n<p class=\"wp-el\">(6) Detailplaneeringu koosseisus peab olema v\u00e4hemalt \u00fcks detailplaneeringu lahendusi illustreeriv joonis, et muuta planeering avalikustamisel ja otsustamisel osalejatele arusaadavamaks.<\/p>\n\n\n\n<p class=\"wp-el\">(7) Detailplaneering v\u00f5ib p\u00f5hjendatud vajaduse korral sisaldada kehtestatud \u00fcldplaneeringu muutmise ettepanekuid.<\/p>\n\n\n\n<p class=\"wp-el\">(8) Kehtestatud detailplaneering on aluseks uute katastri\u00fcksuste moodustamisele ning olemasolevate katastri\u00fcksuste piiride muutmisele detailplaneeringu koostamise kohustuse korral.<\/p>\n\n\n\n<p class=\"wp-el\">(9) Detailplaneeringu koostamise kohustuse korral koostatakse ehitusprojekt kehtestatud detailplaneeringu alusel ehitusseaduses (RT I 2002, 47, 297) s\u00e4testatud korras.<\/p>\n\n\n\n<p class=\"wp-el\">(10) Kohalik omavalitsus v\u00f5ib lubada, v\u00e4lja arvatud riikliku kaitse alla v\u00f5etud maa-alal ja milj\u00f6\u00f6v\u00e4\u00e4rtuslikul hoonestusalal, ilma detailplaneeringut koostamata:<br>1) t\u00f6\u00f6stusettev\u00f5tte krundil olemasoleva t\u00f6\u00f6stushoone laiendamist v\u00f5i selle k\u00f5rvalhoone p\u00fcstitamist ja selleks ehitusprojekti koostamist;<br>2) olemasoleva hoonestuse vahele j\u00e4\u00e4vale \u00fchele krundile \u00fcksikelamu ehitusprojekti koostamist ja p\u00fcstitamist, kui uue \u00fcksikelamu projekteerimisel ja ehitamisel j\u00e4rgitakse piirkonna hoonestuslaadi ja planeerimisp\u00f5him\u00f5tteid ning projekteerimistingimused koosk\u00f5lastatakse naaberkinnistute omanikega;<br>3) olemasoleva hoonestuse vahele j\u00e4\u00e4vale \u00fchele t\u00fchjale krundile korterelamu ehitusprojekti koostamist ja p\u00fcstitamist, kui uue elamu korruselisus ja ehitusalune pindala j\u00e4rgib olemasolevate hoonete vastavaid n\u00e4itajaid ja projekteerimistingimused koosk\u00f5lastatakse naaberkinnistute omanikega;<br>4) mitme hoonega hoonestatud krundi jagamist nende hoonete omanike vahel mitmeks krundiks, kui kinnistu jagamise sooviga ei kaasne detailplaneeringu koostamise kohustust tingivate hoonete ehitamise soovi;<br>5) muuta naaberkruntide piire, kui piiride muutmine ei too endaga kaasa nende kruntide senise ehitus\u00f5iguse, v\u00e4lja arvatud ehitusalune pindala, ja seniste kasutamistingimuste muutumist ning toimub naaberkruntide omanike kokkuleppel.<\/p>\n\n\n\n<p class=\"wp-el\">(11) Kohaliku omavalitsuse volikogu v\u00f5ib p\u00f5hjendatud vajaduse korral algatada detailplaneeringu koostamise aladel ja juhtudel, millele k\u00e4esoleva seaduse \u00a7 3 l\u00f5ikes 2 ei ole s\u00e4testatud detailplaneeringu koostamise kohustust.<\/p>\n\n\n\n<p class=\"wp-el\">(12) Detailplaneeringu koostamisel korraldatakse keskkonnam\u00f5ju strateegilist hindamist, kui see on n\u00f5utud keskkonnam\u00f5ju hindamise ja keskkonnajuhtimiss\u00fcsteemi seaduse \u00a7 33 l\u00f5ike 1 punktis 3 s\u00e4testatud juhtudel. Sellistel juhtudel peab detailplaneeringu koostamisel arvesse v\u00f5tma keskkonnam\u00f5ju strateegilise hindamise tulemusi.<\/p>\n\n\n\n<p class=\"wp-el\">[RT I 2005, 15, 87 j\u00f5ust. 3. 04. 2005]<\/p>\n","protected":false},"excerpt":{"rendered":"<p>\u0414\u0435\u0442\u0430\u043b\u044c\u043d\u0430\u044f \u043f\u043b\u0430\u043d\u0438\u0440\u043e\u0432\u043a\u0430 \u0441\u043e\u0441\u0442\u0430\u0432\u043b\u044f\u0435\u0442\u0441\u044f \u0434\u043b\u044f \u043a\u043e\u043d\u043a\u0440\u0435\u0442\u043d\u043e\u0439 \u0442\u0435\u0440\u0440\u0438\u0442\u043e\u0440\u0438\u0438 \u043d\u0430 \u043f\u0440\u0435\u0434\u0432\u0430\u0440\u044f\u044e\u0449\u0435\u0439 \u0441\u0442\u0440\u043e\u0438\u0442\u0435\u043b\u044c\u0441\u0442\u0432\u043e \u0441\u0442\u0430\u0434\u0438\u0438. \u0426\u0435\u043b\u044c \u0434\u0435\u0442\u0430\u043b\u044c\u043d\u043e\u0439 \u043f\u043b\u0430\u043d\u0438\u0440\u043e\u0432\u043a\u0438 \u2013 \u0440\u0435\u0448\u0435\u043d\u0438\u0435 \u0441\u0432\u044f\u0437\u0430\u043d\u043d\u044b\u0445 \u0441 \u0438\u043f\u043e\u043b\u044c\u0437\u043e\u0432\u0430\u043d\u0438\u0435\u043c \u043f\u0440\u043e\u0441\u0442\u0440\u0430\u043d\u043d\u0441\u0442\u0432\u0435\u043d\u043d\u043e\u0439 \u0441\u0440\u0435\u0434\u044b&#8230;<\/p>\n","protected":false},"author":1,"featured_media":0,"parent":1604,"menu_order":20,"comment_status":"closed","ping_status":"closed","template":"","meta":{"_acf_changed":false,"footnotes":""},"class_list":["post-1329","page","type-page","status-publish","hentry"],"acf":[],"yoast_head":"<!-- This site is optimized with the Yoast SEO plugin v25.5 - https:\/\/yoast.com\/wordpress\/plugins\/seo\/ -->\n<title>\u0414\u0435\u0442\u0430\u043b\u044c\u043d\u0430\u044f \u043f\u043b\u0430\u043d\u0438\u0440\u043e\u0432\u043a\u0430 - Tartu Arhitektuurib\u00fcroo<\/title>\n<meta name=\"robots\" content=\"index, follow, max-snippet:-1, max-image-preview:large, max-video-preview:-1\" \/>\n<link rel=\"canonical\" href=\"https:\/\/arhpro.ee\/ru\/\u043f\u043e\u043b\u0435\u0437\u043d\u0430\u044f-\u0438\u043d\u0444\u043e\u0440\u043c\u0430\u0446\u0438\u044f\/detailplaneering\/\" \/>\n<meta property=\"og:locale\" content=\"ru_RU\" \/>\n<meta property=\"og:type\" content=\"article\" \/>\n<meta property=\"og:title\" content=\"\u0414\u0435\u0442\u0430\u043b\u044c\u043d\u0430\u044f \u043f\u043b\u0430\u043d\u0438\u0440\u043e\u0432\u043a\u0430 - Tartu Arhitektuurib\u00fcroo\" \/>\n<meta property=\"og:description\" content=\"\u0414\u0435\u0442\u0430\u043b\u044c\u043d\u0430\u044f \u043f\u043b\u0430\u043d\u0438\u0440\u043e\u0432\u043a\u0430 \u0441\u043e\u0441\u0442\u0430\u0432\u043b\u044f\u0435\u0442\u0441\u044f \u0434\u043b\u044f \u043a\u043e\u043d\u043a\u0440\u0435\u0442\u043d\u043e\u0439 \u0442\u0435\u0440\u0440\u0438\u0442\u043e\u0440\u0438\u0438 \u043d\u0430 \u043f\u0440\u0435\u0434\u0432\u0430\u0440\u044f\u044e\u0449\u0435\u0439 \u0441\u0442\u0440\u043e\u0438\u0442\u0435\u043b\u044c\u0441\u0442\u0432\u043e \u0441\u0442\u0430\u0434\u0438\u0438. \u0426\u0435\u043b\u044c \u0434\u0435\u0442\u0430\u043b\u044c\u043d\u043e\u0439 \u043f\u043b\u0430\u043d\u0438\u0440\u043e\u0432\u043a\u0438 \u2013 \u0440\u0435\u0448\u0435\u043d\u0438\u0435 \u0441\u0432\u044f\u0437\u0430\u043d\u043d\u044b\u0445 \u0441 \u0438\u043f\u043e\u043b\u044c\u0437\u043e\u0432\u0430\u043d\u0438\u0435\u043c \u043f\u0440\u043e\u0441\u0442\u0440\u0430\u043d\u043d\u0441\u0442\u0432\u0435\u043d\u043d\u043e\u0439 \u0441\u0440\u0435\u0434\u044b...\" \/>\n<meta property=\"og:url\" content=\"https:\/\/arhpro.ee\/ru\/\u043f\u043e\u043b\u0435\u0437\u043d\u0430\u044f-\u0438\u043d\u0444\u043e\u0440\u043c\u0430\u0446\u0438\u044f\/detailplaneering\/\" \/>\n<meta property=\"og:site_name\" content=\"Tartu Arhitektuurib\u00fcroo\" \/>\n<meta property=\"article:modified_time\" content=\"2020-08-12T09:55:33+00:00\" \/>\n<meta property=\"og:image\" content=\"https:\/\/arhpro.ee\/wp-content\/uploads\/2020\/08\/plaan.jpg\" \/>\n<meta name=\"twitter:card\" content=\"summary_large_image\" \/>\n<meta name=\"twitter:label1\" content=\"\u041f\u0440\u0438\u043c\u0435\u0440\u043d\u043e\u0435 \u0432\u0440\u0435\u043c\u044f \u0434\u043b\u044f \u0447\u0442\u0435\u043d\u0438\u044f\" \/>\n\t<meta name=\"twitter:data1\" content=\"3 \u043c\u0438\u043d\u0443\u0442\u044b\" \/>\n<script type=\"application\/ld+json\" class=\"yoast-schema-graph\">{\"@context\":\"https:\/\/schema.org\",\"@graph\":[{\"@type\":\"WebPage\",\"@id\":\"https:\/\/arhpro.ee\/ru\/%d0%bf%d0%be%d0%bb%d0%b5%d0%b7%d0%bd%d0%b0%d1%8f-%d0%b8%d0%bd%d1%84%d0%be%d1%80%d0%bc%d0%b0%d1%86%d0%b8%d1%8f\/detailplaneering\/\",\"url\":\"https:\/\/arhpro.ee\/ru\/%d0%bf%d0%be%d0%bb%d0%b5%d0%b7%d0%bd%d0%b0%d1%8f-%d0%b8%d0%bd%d1%84%d0%be%d1%80%d0%bc%d0%b0%d1%86%d0%b8%d1%8f\/detailplaneering\/\",\"name\":\"\u0414\u0435\u0442\u0430\u043b\u044c\u043d\u0430\u044f \u043f\u043b\u0430\u043d\u0438\u0440\u043e\u0432\u043a\u0430 - Tartu Arhitektuurib\u00fcroo\",\"isPartOf\":{\"@id\":\"https:\/\/arhpro.ee\/#website\"},\"primaryImageOfPage\":{\"@id\":\"https:\/\/arhpro.ee\/ru\/%d0%bf%d0%be%d0%bb%d0%b5%d0%b7%d0%bd%d0%b0%d1%8f-%d0%b8%d0%bd%d1%84%d0%be%d1%80%d0%bc%d0%b0%d1%86%d0%b8%d1%8f\/detailplaneering\/#primaryimage\"},\"image\":{\"@id\":\"https:\/\/arhpro.ee\/ru\/%d0%bf%d0%be%d0%bb%d0%b5%d0%b7%d0%bd%d0%b0%d1%8f-%d0%b8%d0%bd%d1%84%d0%be%d1%80%d0%bc%d0%b0%d1%86%d0%b8%d1%8f\/detailplaneering\/#primaryimage\"},\"thumbnailUrl\":\"https:\/\/arhpro.ee\/wp-content\/uploads\/2020\/08\/plaan.jpg\",\"datePublished\":\"2020-08-12T09:50:48+00:00\",\"dateModified\":\"2020-08-12T09:55:33+00:00\",\"breadcrumb\":{\"@id\":\"https:\/\/arhpro.ee\/ru\/%d0%bf%d0%be%d0%bb%d0%b5%d0%b7%d0%bd%d0%b0%d1%8f-%d0%b8%d0%bd%d1%84%d0%be%d1%80%d0%bc%d0%b0%d1%86%d0%b8%d1%8f\/detailplaneering\/#breadcrumb\"},\"inLanguage\":\"ru-RU\",\"potentialAction\":[{\"@type\":\"ReadAction\",\"target\":[\"https:\/\/arhpro.ee\/ru\/%d0%bf%d0%be%d0%bb%d0%b5%d0%b7%d0%bd%d0%b0%d1%8f-%d0%b8%d0%bd%d1%84%d0%be%d1%80%d0%bc%d0%b0%d1%86%d0%b8%d1%8f\/detailplaneering\/\"]}]},{\"@type\":\"ImageObject\",\"inLanguage\":\"ru-RU\",\"@id\":\"https:\/\/arhpro.ee\/ru\/%d0%bf%d0%be%d0%bb%d0%b5%d0%b7%d0%bd%d0%b0%d1%8f-%d0%b8%d0%bd%d1%84%d0%be%d1%80%d0%bc%d0%b0%d1%86%d0%b8%d1%8f\/detailplaneering\/#primaryimage\",\"url\":\"https:\/\/arhpro.ee\/wp-content\/uploads\/2020\/08\/plaan.jpg\",\"contentUrl\":\"https:\/\/arhpro.ee\/wp-content\/uploads\/2020\/08\/plaan.jpg\"},{\"@type\":\"BreadcrumbList\",\"@id\":\"https:\/\/arhpro.ee\/ru\/%d0%bf%d0%be%d0%bb%d0%b5%d0%b7%d0%bd%d0%b0%d1%8f-%d0%b8%d0%bd%d1%84%d0%be%d1%80%d0%bc%d0%b0%d1%86%d0%b8%d1%8f\/detailplaneering\/#breadcrumb\",\"itemListElement\":[{\"@type\":\"ListItem\",\"position\":1,\"name\":\"Home\",\"item\":\"https:\/\/arhpro.ee\/ru\/\"},{\"@type\":\"ListItem\",\"position\":2,\"name\":\"\u041f\u043e\u043b\u0435\u0437\u043d\u0430\u044f \u0438\u043d\u0444\u043e\u0440\u043c\u0430\u0446\u0438\u044f\",\"item\":\"https:\/\/arhpro.ee\/ru\/%d0%bf%d0%be%d0%bb%d0%b5%d0%b7%d0%bd%d0%b0%d1%8f-%d0%b8%d0%bd%d1%84%d0%be%d1%80%d0%bc%d0%b0%d1%86%d0%b8%d1%8f\/\"},{\"@type\":\"ListItem\",\"position\":3,\"name\":\"\u0414\u0435\u0442\u0430\u043b\u044c\u043d\u0430\u044f \u043f\u043b\u0430\u043d\u0438\u0440\u043e\u0432\u043a\u0430\"}]},{\"@type\":\"WebSite\",\"@id\":\"https:\/\/arhpro.ee\/#website\",\"url\":\"https:\/\/arhpro.ee\/\",\"name\":\"Tartu Arhitektuurib\u00fcroo\",\"description\":\"\",\"potentialAction\":[{\"@type\":\"SearchAction\",\"target\":{\"@type\":\"EntryPoint\",\"urlTemplate\":\"https:\/\/arhpro.ee\/?s={search_term_string}\"},\"query-input\":{\"@type\":\"PropertyValueSpecification\",\"valueRequired\":true,\"valueName\":\"search_term_string\"}}],\"inLanguage\":\"ru-RU\"}]}<\/script>\n<!-- \/ Yoast SEO plugin. -->","yoast_head_json":{"title":"\u0414\u0435\u0442\u0430\u043b\u044c\u043d\u0430\u044f \u043f\u043b\u0430\u043d\u0438\u0440\u043e\u0432\u043a\u0430 - Tartu Arhitektuurib\u00fcroo","robots":{"index":"index","follow":"follow","max-snippet":"max-snippet:-1","max-image-preview":"max-image-preview:large","max-video-preview":"max-video-preview:-1"},"canonical":"https:\/\/arhpro.ee\/ru\/\u043f\u043e\u043b\u0435\u0437\u043d\u0430\u044f-\u0438\u043d\u0444\u043e\u0440\u043c\u0430\u0446\u0438\u044f\/detailplaneering\/","og_locale":"ru_RU","og_type":"article","og_title":"\u0414\u0435\u0442\u0430\u043b\u044c\u043d\u0430\u044f \u043f\u043b\u0430\u043d\u0438\u0440\u043e\u0432\u043a\u0430 - Tartu Arhitektuurib\u00fcroo","og_description":"\u0414\u0435\u0442\u0430\u043b\u044c\u043d\u0430\u044f \u043f\u043b\u0430\u043d\u0438\u0440\u043e\u0432\u043a\u0430 \u0441\u043e\u0441\u0442\u0430\u0432\u043b\u044f\u0435\u0442\u0441\u044f \u0434\u043b\u044f \u043a\u043e\u043d\u043a\u0440\u0435\u0442\u043d\u043e\u0439 \u0442\u0435\u0440\u0440\u0438\u0442\u043e\u0440\u0438\u0438 \u043d\u0430 \u043f\u0440\u0435\u0434\u0432\u0430\u0440\u044f\u044e\u0449\u0435\u0439 \u0441\u0442\u0440\u043e\u0438\u0442\u0435\u043b\u044c\u0441\u0442\u0432\u043e \u0441\u0442\u0430\u0434\u0438\u0438. \u0426\u0435\u043b\u044c \u0434\u0435\u0442\u0430\u043b\u044c\u043d\u043e\u0439 \u043f\u043b\u0430\u043d\u0438\u0440\u043e\u0432\u043a\u0438 \u2013 \u0440\u0435\u0448\u0435\u043d\u0438\u0435 \u0441\u0432\u044f\u0437\u0430\u043d\u043d\u044b\u0445 \u0441 \u0438\u043f\u043e\u043b\u044c\u0437\u043e\u0432\u0430\u043d\u0438\u0435\u043c \u043f\u0440\u043e\u0441\u0442\u0440\u0430\u043d\u043d\u0441\u0442\u0432\u0435\u043d\u043d\u043e\u0439 \u0441\u0440\u0435\u0434\u044b...","og_url":"https:\/\/arhpro.ee\/ru\/\u043f\u043e\u043b\u0435\u0437\u043d\u0430\u044f-\u0438\u043d\u0444\u043e\u0440\u043c\u0430\u0446\u0438\u044f\/detailplaneering\/","og_site_name":"Tartu Arhitektuurib\u00fcroo","article_modified_time":"2020-08-12T09:55:33+00:00","og_image":[{"url":"https:\/\/arhpro.ee\/wp-content\/uploads\/2020\/08\/plaan.jpg","type":"","width":"","height":""}],"twitter_card":"summary_large_image","twitter_misc":{"\u041f\u0440\u0438\u043c\u0435\u0440\u043d\u043e\u0435 \u0432\u0440\u0435\u043c\u044f \u0434\u043b\u044f \u0447\u0442\u0435\u043d\u0438\u044f":"3 \u043c\u0438\u043d\u0443\u0442\u044b"},"schema":{"@context":"https:\/\/schema.org","@graph":[{"@type":"WebPage","@id":"https:\/\/arhpro.ee\/ru\/%d0%bf%d0%be%d0%bb%d0%b5%d0%b7%d0%bd%d0%b0%d1%8f-%d0%b8%d0%bd%d1%84%d0%be%d1%80%d0%bc%d0%b0%d1%86%d0%b8%d1%8f\/detailplaneering\/","url":"https:\/\/arhpro.ee\/ru\/%d0%bf%d0%be%d0%bb%d0%b5%d0%b7%d0%bd%d0%b0%d1%8f-%d0%b8%d0%bd%d1%84%d0%be%d1%80%d0%bc%d0%b0%d1%86%d0%b8%d1%8f\/detailplaneering\/","name":"\u0414\u0435\u0442\u0430\u043b\u044c\u043d\u0430\u044f \u043f\u043b\u0430\u043d\u0438\u0440\u043e\u0432\u043a\u0430 - Tartu Arhitektuurib\u00fcroo","isPartOf":{"@id":"https:\/\/arhpro.ee\/#website"},"primaryImageOfPage":{"@id":"https:\/\/arhpro.ee\/ru\/%d0%bf%d0%be%d0%bb%d0%b5%d0%b7%d0%bd%d0%b0%d1%8f-%d0%b8%d0%bd%d1%84%d0%be%d1%80%d0%bc%d0%b0%d1%86%d0%b8%d1%8f\/detailplaneering\/#primaryimage"},"image":{"@id":"https:\/\/arhpro.ee\/ru\/%d0%bf%d0%be%d0%bb%d0%b5%d0%b7%d0%bd%d0%b0%d1%8f-%d0%b8%d0%bd%d1%84%d0%be%d1%80%d0%bc%d0%b0%d1%86%d0%b8%d1%8f\/detailplaneering\/#primaryimage"},"thumbnailUrl":"https:\/\/arhpro.ee\/wp-content\/uploads\/2020\/08\/plaan.jpg","datePublished":"2020-08-12T09:50:48+00:00","dateModified":"2020-08-12T09:55:33+00:00","breadcrumb":{"@id":"https:\/\/arhpro.ee\/ru\/%d0%bf%d0%be%d0%bb%d0%b5%d0%b7%d0%bd%d0%b0%d1%8f-%d0%b8%d0%bd%d1%84%d0%be%d1%80%d0%bc%d0%b0%d1%86%d0%b8%d1%8f\/detailplaneering\/#breadcrumb"},"inLanguage":"ru-RU","potentialAction":[{"@type":"ReadAction","target":["https:\/\/arhpro.ee\/ru\/%d0%bf%d0%be%d0%bb%d0%b5%d0%b7%d0%bd%d0%b0%d1%8f-%d0%b8%d0%bd%d1%84%d0%be%d1%80%d0%bc%d0%b0%d1%86%d0%b8%d1%8f\/detailplaneering\/"]}]},{"@type":"ImageObject","inLanguage":"ru-RU","@id":"https:\/\/arhpro.ee\/ru\/%d0%bf%d0%be%d0%bb%d0%b5%d0%b7%d0%bd%d0%b0%d1%8f-%d0%b8%d0%bd%d1%84%d0%be%d1%80%d0%bc%d0%b0%d1%86%d0%b8%d1%8f\/detailplaneering\/#primaryimage","url":"https:\/\/arhpro.ee\/wp-content\/uploads\/2020\/08\/plaan.jpg","contentUrl":"https:\/\/arhpro.ee\/wp-content\/uploads\/2020\/08\/plaan.jpg"},{"@type":"BreadcrumbList","@id":"https:\/\/arhpro.ee\/ru\/%d0%bf%d0%be%d0%bb%d0%b5%d0%b7%d0%bd%d0%b0%d1%8f-%d0%b8%d0%bd%d1%84%d0%be%d1%80%d0%bc%d0%b0%d1%86%d0%b8%d1%8f\/detailplaneering\/#breadcrumb","itemListElement":[{"@type":"ListItem","position":1,"name":"Home","item":"https:\/\/arhpro.ee\/ru\/"},{"@type":"ListItem","position":2,"name":"\u041f\u043e\u043b\u0435\u0437\u043d\u0430\u044f \u0438\u043d\u0444\u043e\u0440\u043c\u0430\u0446\u0438\u044f","item":"https:\/\/arhpro.ee\/ru\/%d0%bf%d0%be%d0%bb%d0%b5%d0%b7%d0%bd%d0%b0%d1%8f-%d0%b8%d0%bd%d1%84%d0%be%d1%80%d0%bc%d0%b0%d1%86%d0%b8%d1%8f\/"},{"@type":"ListItem","position":3,"name":"\u0414\u0435\u0442\u0430\u043b\u044c\u043d\u0430\u044f \u043f\u043b\u0430\u043d\u0438\u0440\u043e\u0432\u043a\u0430"}]},{"@type":"WebSite","@id":"https:\/\/arhpro.ee\/#website","url":"https:\/\/arhpro.ee\/","name":"Tartu Arhitektuurib\u00fcroo","description":"","potentialAction":[{"@type":"SearchAction","target":{"@type":"EntryPoint","urlTemplate":"https:\/\/arhpro.ee\/?s={search_term_string}"},"query-input":{"@type":"PropertyValueSpecification","valueRequired":true,"valueName":"search_term_string"}}],"inLanguage":"ru-RU"}]}},"_links":{"self":[{"href":"https:\/\/arhpro.ee\/ru\/wp-json\/wp\/v2\/pages\/1329","targetHints":{"allow":["GET"]}}],"collection":[{"href":"https:\/\/arhpro.ee\/ru\/wp-json\/wp\/v2\/pages"}],"about":[{"href":"https:\/\/arhpro.ee\/ru\/wp-json\/wp\/v2\/types\/page"}],"author":[{"embeddable":true,"href":"https:\/\/arhpro.ee\/ru\/wp-json\/wp\/v2\/users\/1"}],"replies":[{"embeddable":true,"href":"https:\/\/arhpro.ee\/ru\/wp-json\/wp\/v2\/comments?post=1329"}],"version-history":[{"count":2,"href":"https:\/\/arhpro.ee\/ru\/wp-json\/wp\/v2\/pages\/1329\/revisions"}],"predecessor-version":[{"id":1334,"href":"https:\/\/arhpro.ee\/ru\/wp-json\/wp\/v2\/pages\/1329\/revisions\/1334"}],"up":[{"embeddable":true,"href":"https:\/\/arhpro.ee\/ru\/wp-json\/wp\/v2\/pages\/1604"}],"wp:attachment":[{"href":"https:\/\/arhpro.ee\/ru\/wp-json\/wp\/v2\/media?parent=1329"}],"curies":[{"name":"wp","href":"https:\/\/api.w.org\/{rel}","templated":true}]}}