{"id":1307,"date":"2020-08-12T12:02:41","date_gmt":"2020-08-12T09:02:41","guid":{"rendered":"https:\/\/www.arhpro.ee\/%d0%be-%d1%84%d0%b8%d1%80%d0%bc%d0%b5\/%d0%b7%d0%bd%d0%b0%d0%ba%d0%be%d0%bc%d1%81%d1%82%d0%b2%d0%be\/"},"modified":"2020-08-24T11:34:37","modified_gmt":"2020-08-24T08:34:37","slug":"%d0%b7%d0%bd%d0%b0%d0%ba%d0%be%d0%bc%d1%81%d1%82%d0%b2%d0%be","status":"publish","type":"page","link":"https:\/\/arhpro.ee\/ru\/%d0%be-%d1%84%d0%b8%d1%80%d0%bc%d0%b5\/%d0%b7%d0%bd%d0%b0%d0%ba%d0%be%d0%bc%d1%81%d1%82%d0%b2%d0%be\/","title":{"rendered":"\u0417\u043d\u0430\u043a\u043e\u043c\u0441\u0442\u0432\u043e"},"content":{"rendered":"\n<p class=\"wp-el\">\u201eTartu Arhitektuurib\u00fcroo\u201c \u0431\u0435\u0440\u0451\u0442 \u0441\u0432\u043e\u0451 \u043d\u0430\u0447\u0430\u043b\u043e \u0432 1945 \u0433\u043e\u0434\u0443, \u043a\u043e\u0433\u0434\u0430 \u0431\u044b\u0432\u0448\u0438\u0439 \u0432 \u0442\u043e \u0432\u0440\u0435\u043c\u044f \u043d\u0430 \u043f\u043e\u0441\u0442\u0443 \u0433\u043e\u0440\u043e\u0434\u0441\u043a\u043e\u0433\u043e \u0430\u0440\u0445\u0438\u0442\u0435\u043a\u0442\u043e\u0440\u0430 \u043b\u0435\u0433\u0435\u043d\u0434\u0430\u0440\u043d\u044b\u0439 \u0430\u0440\u0445\u0438\u0442\u0435\u043a\u0442\u043e\u0440 \u0410\u0440\u043d\u043e\u043b\u044c\u0434 \u041c\u0430\u0442\u0442\u0435\u0443\u0441 \u043e\u0431\u0440\u0430\u0437\u043e\u0432\u0430\u043b \u043f\u0440\u0438 \u0413\u043e\u0440\u043e\u0434\u0441\u043a\u043e\u0439 \u0443\u043f\u0440\u0430\u0432\u0435 \u0422\u0430\u0440\u0442\u0443 \u0430\u0440\u0445\u0438\u0442\u0435\u043a\u0442\u0443\u0440\u043d\u043e\u0435 \u0431\u044e\u0440\u043e \u0434\u043b\u044f \u0441\u043e\u0441\u0442\u0430\u0432\u043b\u0435\u043d\u0438\u044f \u043f\u043b\u0430\u043d\u0438\u0440\u043e\u0432\u043e\u043a \u0438 \u043f\u0440\u043e\u0435\u043a\u0442\u043e\u0432 \u0437\u0434\u0430\u043d\u0438\u0439 \u0438 \u0441\u043e\u043e\u0440\u0443\u0436\u0435\u043d\u0438\u0439 \u043d\u0430 \u0442\u0435\u0440\u0440\u0438\u0442\u043e\u0440\u0438\u0438 \u0433\u043e\u0440\u043e\u0434\u0430. 1997. \u041f\u043e\u0434 \u0441\u0432\u043e\u0438\u043c \u0438\u043c\u0435\u043d\u0435\u043c \u0444\u0438\u0440\u043c\u0430 \u0437\u0430\u0440\u0435\u0433\u0438\u0441\u0442\u0440\u0438\u0440\u043e\u0432\u0430\u043d\u0430 \u0432 1997 \u0438 \u043f\u0440\u0438\u0432\u0430\u0442\u0438\u0437\u0438\u0440\u043e\u0432\u0430\u043d\u0430 \u0432 1998 \u0433\u043e\u0434\u0443. \u0412 2009 \u0433\u043e\u0434\u0443 \u00abTartu Arhitektuurib\u00fcroo\u00bb \u0437\u0430\u0440\u0435\u0433\u0438\u0441\u0442\u0440\u0438\u0440\u043e\u0432\u0430\u043d\u0430 \u043a\u0430\u043a \u0442\u043e\u0440\u0433\u043e\u0432\u0430\u044f \u043c\u0430\u0440\u043a\u0430. Alates 01.09.2009.a. kuulub Tartu Arhitektuurib\u00fcroo kaubam\u00e4rgi kasutus\u00f5igus Minnoli O\u00dc-le ning alates 2012.a. kannab Minnoli O\u00dc \u00e4rinime Tartu Arhitektuurib\u00fcroo O\u00dc.<\/p>\n\n\n\n<p class=\"wp-el\">\u041f\u0440\u043e\u0434\u043e\u043b\u0436\u0438\u0442\u0435\u043b\u044c\u043d\u044b\u0439 \u0442\u0432\u043e\u0440\u0447\u0435\u0441\u043a\u0438\u0439 \u043e\u043f\u044b\u0442 \u043f\u043e\u0437\u0432\u043e\u043b\u044f\u0435\u0442 \u0430\u043a\u0442\u0438\u0432\u043d\u043e \u0440\u0430\u0431\u043e\u0442\u0430\u0442\u044c \u0432 \u0440\u0430\u0437\u043b\u0438\u0447\u043d\u044b\u0445 \u0441\u0444\u0435\u0440\u0430\u0445, \u0441\u0432\u044f\u0437\u0430\u043d\u043d\u044b\u0445 \u0441\u043e \u0441\u0442\u0440\u043e\u0438\u0442\u0435\u043b\u044c\u0441\u0442\u0432\u043e\u043c. \u041e\u0441\u043d\u043e\u0432\u043d\u044b\u043c\u0438 \u043d\u0430\u043f\u0440\u0432\u043b\u0435\u043d\u0438\u044f\u043c\u0438 \u0434\u0435\u044f\u0442\u0435\u043b\u044c\u043d\u043e\u0441\u0442\u0438 \u044f\u0432\u043b\u044f\u044e\u0442\u0441\u044f \u0433\u043e\u0440\u0434\u0441\u043a\u043e\u0435 \u043f\u043b\u0430\u043d\u0438\u0440\u043e\u0432\u0430\u043d\u0438\u0435, \u0430\u0440\u0445\u0438\u0442\u0435\u043a\u0442\u0443\u0440\u043d\u043e\u0435 \u043f\u0440\u043e\u0435\u043a\u0442\u0438\u0440\u043e\u0432\u0430\u043d\u0438\u0435, \u043f\u0440\u043e\u0435\u043a\u0442\u044b \u0431\u043b\u0430\u0433\u043e\u0443\u0441\u0442\u0440\u043e\u0439\u0441\u0442\u0432\u0430, \u0438\u043d\u0442\u0435\u0440\u044c\u0435\u0440\u043e\u0432, \u0441\u043e\u0441\u0442\u0430\u0432\u043b\u0435\u043d\u0438\u0435 \u043f\u0440\u043e\u0435\u043a\u0442\u043d\u043e\u0439 \u0434\u043e\u043a\u0443\u043c\u0435\u043d\u0442\u0430\u0446\u0438\u0438, \u043a\u043e\u043d\u0441\u0443\u043b\u044c\u0442\u0430\u0446\u0438\u0438 \u043f\u043e \u0432\u043e\u043f\u0440\u043e\u0441\u0430\u043c \u0430\u0440\u0445\u0438\u0442\u0435\u043a\u0442\u0443\u0440\u044b \u0438 \u0441\u0442\u0440\u043e\u0438\u0442\u0435\u043b\u044c\u0441\u0442\u0432\u0430, \u0442\u0435\u0445\u043d\u0438\u0447\u0435\u0441\u043a\u0438\u0439 \u043d\u0430\u0434\u0437\u043e\u0440 \u043d\u0430 \u0441\u0442\u0440\u043e\u0438\u0442\u0435\u043b\u044c\u0441\u0442\u0432\u0435, \u043f\u043e\u0434\u0433\u043e\u0442\u043e\u0432\u043a\u0430 \u0438 \u043f\u0440\u043e\u0432\u0435\u0434\u0435\u043d\u0438\u0435 \u043a\u043e\u043d\u043a\u0443\u0440\u0441\u043e\u0432 \u0441\u0442\u0440\u043e\u0438\u0442\u0435\u043b\u044c\u043d\u044b\u0445 \u0444\u0438\u0440\u043c \u0432 \u0442.\u0447. \u043d\u0430 \u0433\u043e\u0441\u043f\u043e\u0441\u0442\u0430\u0432\u043a\u0438. \u0412 \u043d\u0430\u0441\u0442\u043e\u044f\u0449\u0435\u0435 \u0432\u0440\u0435\u043c\u044f \u0444\u0438\u0440\u043c\u0430 \u043e\u0431\u043b\u0430\u0434\u0430\u0435\u0442 \u0441\u043b\u0435\u0434\u0443\u044e\u0449\u0438\u043c\u0438 \u043b\u0438\u0446\u0435\u043d\u0437\u0438\u044f\u043c\u0438:<\/p>\n\n\n\n<ul class=\"wp-el wp-block-list\"><li>\u0410\u0440\u0445\u0438\u0442\u0435\u043a\u0442\u0443\u0440\u043d\u043e\u0435 \u043f\u0440\u043e\u0435\u043a\u0442\u0438\u0440\u043e\u0432\u0430\u043d\u0438\u0435 &#8212; EE\u041f001313, 26.03.2008<\/li><li>\u0421\u043e\u0441\u0442\u0430\u0432\u043b\u0435\u043d\u0438\u0435 \u044d\u043a\u0441\u043f\u0435\u0440\u0442\u0438\u0437 \u0441\u0442\u0440\u043e\u0438\u0442\u0435\u043b\u044c\u043d\u044b\u0445 \u043f\u0440\u043e\u0435\u043a\u0442\u043e\u0432 &#8212; E\u041fE000530, 30.09.2009<\/li><li>\u0422\u0435\u0445\u043d\u0438\u0447\u0435\u0441\u043a\u0438\u0439 \u043d\u0430\u0434\u0437\u043e\u0440 \u043d\u0430 \u0441\u0442\u0440\u043e\u0438\u0442\u0435\u043b\u044c\u0441\u0442\u0432\u0435 &#8212; EEO002032, 30.09.2009<\/li><li>\u042d\u043b\u0435\u043a\u0442\u0440\u043e\u0442\u0435\u0445\u043d\u0438\u0447\u0435\u0441\u043a\u043e\u0435 \u043f\u0440\u043e\u0435\u043a\u0442\u0438\u0440\u043e\u0432\u0430\u043d\u0438\u0435 &#8212; TE\u041b001329, 14.10.2009<\/li><li>\u0421\u0442\u0440\u043e\u0438\u0442\u0435\u043b\u044c\u0441\u0442\u0432\u043e &#8212; EEJ002162, 16.12.2009<\/li><\/ul>\n\n\n\n<p class=\"wp-el\">\u0412\u044b\u0441\u043e\u043a\u043e\u0433\u043e \u043a\u0430\u0447\u0435\u0441\u0442\u0432\u0430 \u043f\u043e\u0437\u0432\u043e\u043b\u044f\u044e\u0442 \u0434\u043e\u0441\u0442\u0438\u0433\u0430\u0442\u044c \u043f\u0440\u043e\u0444\u0435\u0441\u0441\u0438\u043e\u043d\u0430\u043b\u044c\u043d\u0430\u044f \u043a\u0432\u0430\u043b\u0438\u0444\u0438\u043a\u0430\u0446\u0438\u044f \u043f\u0435\u0440\u0441\u043e\u043d\u0430\u043b\u0430 \u0438 \u0441\u043e\u0432\u0440\u0435\u043c\u0435\u043d\u043d\u043e\u0435 \u043f\u0440\u043e\u0433\u0440\u0430\u043c\u043c\u043d\u043e\u0435 \u043e\u0431\u0435\u0441\u043f\u0435\u0447\u0435\u043d\u0438\u0435.<\/p>\n\n\n\n<p class=\"wp-el\">Tartu Arhitektuurib\u00fcroo \u043e\u0434\u043d\u043e \u0438\u0437 \u043f\u0435\u0440\u0432\u044b\u0445 \u0432 \u042d\u0441\u0442\u043e\u043d\u0438\u0438 \u043f\u0440\u0438\u043e\u0431\u0440\u0435\u043b\u0430 \u043b\u0435\u0433\u0430\u043b\u044c\u043d\u0443\u044e \u043b\u0438\u0446\u0435\u043d\u0437\u0438\u044e ArhiCAD-a \u0435\u0449\u0451 \u0432 1995 \u0433\u043e\u0434\u0443. \u0421\u0435\u0439\u0447\u0430\u0441 \u043c\u044b \u043f\u043e\u043b\u044c\u0437\u0443\u0435\u043c\u0441\u044f \u0432\u0435\u0440\u0441\u0438\u0435\u0439 ArhiCAD 23.0, a \u0442\u0430\u043a \u0436\u0435 \u043f\u0440\u043e\u0433\u0440\u0430\u043c\u043c\u0430\u043c\u0438 Architectural Desktop, AutoCAD 2008 LT, AutoCAD 2009, AutoCAD 2009 Civil, Artlantis Studio. Vanemarhitekt visualiseerib programmiga Artlantis Studio ja arhitekt-planeerija programmiga Civil 3D.<\/p>\n\n\n\n<p class=\"wp-el\">\u0413\u043b\u0430\u0432\u043d\u044b\u0439 \u0430\u0440\u0445\u0438\u0442\u0435\u043a\u0442\u043e\u0440 \u0420\u043e\u043c\u0430\u043d \u0421\u043c\u0443\u0448\u043a\u0438\u043d \u0438\u0437\u0432\u0435\u0441\u0442\u0435\u043d \u043a\u0430\u043a \u0430\u0432\u0442\u043e\u0440 \u043f\u0440\u043e\u0435\u043a\u0442\u043e\u0432 \u043c\u043d\u043e\u0433\u0438\u0445 \u0431\u043e\u043b\u044c\u0448\u0438\u0445 \u043e\u0431\u044c\u0435\u043a\u0442\u043e\u0432 \u0432 \u0422\u0430\u0440\u0442\u0443. \u0415\u0436\u0435\u0434\u043d\u0435\u0432\u043d\u043e\u0439 \u0434\u0435\u044f\u0442\u0435\u043b\u044c\u043d\u043e\u0441\u0442\u044c\u044e \u0431\u044e\u0440\u043e \u0440\u0443\u043a\u043e\u0432\u043e\u0434\u0438\u0442 \u043e\u0431\u043b\u0430\u0434\u0430\u044e\u0449\u0438\u0439 \u0440\u0430\u0437\u043d\u043e\u0441\u0442\u043e\u0440\u043e\u043d\u043d\u0438\u043c \u043e\u043f\u044b\u0442\u043e\u043c \u0440\u0443\u043a\u043e\u0432\u043e\u0434\u0438\u0442\u0435\u043b\u044f \u043f\u0440\u043e\u0435\u043a\u0442\u043e\u0432 \u0423\u0440\u043c\u0430\u0441 \u041c\u0430\u043a\u0440\u044f\u043a\u043e\u0432, \u0441\u0432\u044f\u0437\u0430\u043d\u043d\u044b\u0439 \u0441 \u0431\u044e\u0440\u043e \u0435\u0449\u0451 \u0441 90-\u0445 \u0433\u043e\u0434\u043e\u0432.<\/p>\n","protected":false},"excerpt":{"rendered":"<p>\u201eTartu Arhitektuurib\u00fcroo\u201c \u0431\u0435\u0440\u0451\u0442 \u0441\u0432\u043e\u0451 \u043d\u0430\u0447\u0430\u043b\u043e \u0432 1945 \u0433\u043e\u0434\u0443, \u043a\u043e\u0433\u0434\u0430 \u0431\u044b\u0432\u0448\u0438\u0439 \u0432 \u0442\u043e \u0432\u0440\u0435\u043c\u044f \u043d\u0430 \u043f\u043e\u0441\u0442\u0443 \u0433\u043e\u0440\u043e\u0434\u0441\u043a\u043e\u0433\u043e \u0430\u0440\u0445\u0438\u0442\u0435\u043a\u0442\u043e\u0440\u0430 \u043b\u0435\u0433\u0435\u043d\u0434\u0430\u0440\u043d\u044b\u0439 \u0430\u0440\u0445\u0438\u0442\u0435\u043a\u0442\u043e\u0440 \u0410\u0440\u043d\u043e\u043b\u044c\u0434&#8230;<\/p>\n","protected":false},"author":1,"featured_media":0,"parent":1303,"menu_order":-10,"comment_status":"closed","ping_status":"closed","template":"","meta":{"_acf_changed":false,"footnotes":""},"class_list":["post-1307","page","type-page","status-publish","hentry"],"acf":[],"yoast_head":"<!-- This site is optimized with the Yoast SEO plugin v25.5 - https:\/\/yoast.com\/wordpress\/plugins\/seo\/ -->\n<title>\u0417\u043d\u0430\u043a\u043e\u043c\u0441\u0442\u0432\u043e - Tartu Arhitektuurib\u00fcroo<\/title>\n<meta name=\"robots\" content=\"index, follow, max-snippet:-1, max-image-preview:large, max-video-preview:-1\" \/>\n<link rel=\"canonical\" href=\"https:\/\/arhpro.ee\/ru\/\u043e-\u0444\u0438\u0440\u043c\u0435\/\u0437\u043d\u0430\u043a\u043e\u043c\u0441\u0442\u0432\u043e\/\" \/>\n<meta property=\"og:locale\" content=\"ru_RU\" \/>\n<meta property=\"og:type\" content=\"article\" \/>\n<meta property=\"og:title\" content=\"\u0417\u043d\u0430\u043a\u043e\u043c\u0441\u0442\u0432\u043e - Tartu Arhitektuurib\u00fcroo\" \/>\n<meta property=\"og:description\" content=\"\u201eTartu Arhitektuurib\u00fcroo\u201c \u0431\u0435\u0440\u0451\u0442 \u0441\u0432\u043e\u0451 \u043d\u0430\u0447\u0430\u043b\u043e \u0432 1945 \u0433\u043e\u0434\u0443, \u043a\u043e\u0433\u0434\u0430 \u0431\u044b\u0432\u0448\u0438\u0439 \u0432 \u0442\u043e \u0432\u0440\u0435\u043c\u044f \u043d\u0430 \u043f\u043e\u0441\u0442\u0443 \u0433\u043e\u0440\u043e\u0434\u0441\u043a\u043e\u0433\u043e \u0430\u0440\u0445\u0438\u0442\u0435\u043a\u0442\u043e\u0440\u0430 \u043b\u0435\u0433\u0435\u043d\u0434\u0430\u0440\u043d\u044b\u0439 \u0430\u0440\u0445\u0438\u0442\u0435\u043a\u0442\u043e\u0440 \u0410\u0440\u043d\u043e\u043b\u044c\u0434...\" \/>\n<meta property=\"og:url\" content=\"https:\/\/arhpro.ee\/ru\/\u043e-\u0444\u0438\u0440\u043c\u0435\/\u0437\u043d\u0430\u043a\u043e\u043c\u0441\u0442\u0432\u043e\/\" \/>\n<meta property=\"og:site_name\" content=\"Tartu Arhitektuurib\u00fcroo\" \/>\n<meta property=\"article:modified_time\" content=\"2020-08-24T08:34:37+00:00\" \/>\n<meta name=\"twitter:card\" content=\"summary_large_image\" \/>\n<script type=\"application\/ld+json\" class=\"yoast-schema-graph\">{\"@context\":\"https:\/\/schema.org\",\"@graph\":[{\"@type\":\"WebPage\",\"@id\":\"https:\/\/arhpro.ee\/ru\/%d0%be-%d1%84%d0%b8%d1%80%d0%bc%d0%b5\/%d0%b7%d0%bd%d0%b0%d0%ba%d0%be%d0%bc%d1%81%d1%82%d0%b2%d0%be\/\",\"url\":\"https:\/\/arhpro.ee\/ru\/%d0%be-%d1%84%d0%b8%d1%80%d0%bc%d0%b5\/%d0%b7%d0%bd%d0%b0%d0%ba%d0%be%d0%bc%d1%81%d1%82%d0%b2%d0%be\/\",\"name\":\"\u0417\u043d\u0430\u043a\u043e\u043c\u0441\u0442\u0432\u043e - Tartu Arhitektuurib\u00fcroo\",\"isPartOf\":{\"@id\":\"https:\/\/arhpro.ee\/#website\"},\"datePublished\":\"2020-08-12T09:02:41+00:00\",\"dateModified\":\"2020-08-24T08:34:37+00:00\",\"breadcrumb\":{\"@id\":\"https:\/\/arhpro.ee\/ru\/%d0%be-%d1%84%d0%b8%d1%80%d0%bc%d0%b5\/%d0%b7%d0%bd%d0%b0%d0%ba%d0%be%d0%bc%d1%81%d1%82%d0%b2%d0%be\/#breadcrumb\"},\"inLanguage\":\"ru-RU\",\"potentialAction\":[{\"@type\":\"ReadAction\",\"target\":[\"https:\/\/arhpro.ee\/ru\/%d0%be-%d1%84%d0%b8%d1%80%d0%bc%d0%b5\/%d0%b7%d0%bd%d0%b0%d0%ba%d0%be%d0%bc%d1%81%d1%82%d0%b2%d0%be\/\"]}]},{\"@type\":\"BreadcrumbList\",\"@id\":\"https:\/\/arhpro.ee\/ru\/%d0%be-%d1%84%d0%b8%d1%80%d0%bc%d0%b5\/%d0%b7%d0%bd%d0%b0%d0%ba%d0%be%d0%bc%d1%81%d1%82%d0%b2%d0%be\/#breadcrumb\",\"itemListElement\":[{\"@type\":\"ListItem\",\"position\":1,\"name\":\"Home\",\"item\":\"https:\/\/arhpro.ee\/ru\/\"},{\"@type\":\"ListItem\",\"position\":2,\"name\":\"\u041e \u0444\u0438\u0440\u043c\u0435\",\"item\":\"https:\/\/arhpro.ee\/ru\/%d0%be-%d1%84%d0%b8%d1%80%d0%bc%d0%b5\/\"},{\"@type\":\"ListItem\",\"position\":3,\"name\":\"\u0417\u043d\u0430\u043a\u043e\u043c\u0441\u0442\u0432\u043e\"}]},{\"@type\":\"WebSite\",\"@id\":\"https:\/\/arhpro.ee\/#website\",\"url\":\"https:\/\/arhpro.ee\/\",\"name\":\"Tartu Arhitektuurib\u00fcroo\",\"description\":\"\",\"potentialAction\":[{\"@type\":\"SearchAction\",\"target\":{\"@type\":\"EntryPoint\",\"urlTemplate\":\"https:\/\/arhpro.ee\/?s={search_term_string}\"},\"query-input\":{\"@type\":\"PropertyValueSpecification\",\"valueRequired\":true,\"valueName\":\"search_term_string\"}}],\"inLanguage\":\"ru-RU\"}]}<\/script>\n<!-- \/ Yoast SEO plugin. -->","yoast_head_json":{"title":"\u0417\u043d\u0430\u043a\u043e\u043c\u0441\u0442\u0432\u043e - Tartu Arhitektuurib\u00fcroo","robots":{"index":"index","follow":"follow","max-snippet":"max-snippet:-1","max-image-preview":"max-image-preview:large","max-video-preview":"max-video-preview:-1"},"canonical":"https:\/\/arhpro.ee\/ru\/\u043e-\u0444\u0438\u0440\u043c\u0435\/\u0437\u043d\u0430\u043a\u043e\u043c\u0441\u0442\u0432\u043e\/","og_locale":"ru_RU","og_type":"article","og_title":"\u0417\u043d\u0430\u043a\u043e\u043c\u0441\u0442\u0432\u043e - Tartu Arhitektuurib\u00fcroo","og_description":"\u201eTartu Arhitektuurib\u00fcroo\u201c \u0431\u0435\u0440\u0451\u0442 \u0441\u0432\u043e\u0451 \u043d\u0430\u0447\u0430\u043b\u043e \u0432 1945 \u0433\u043e\u0434\u0443, \u043a\u043e\u0433\u0434\u0430 \u0431\u044b\u0432\u0448\u0438\u0439 \u0432 \u0442\u043e \u0432\u0440\u0435\u043c\u044f \u043d\u0430 \u043f\u043e\u0441\u0442\u0443 \u0433\u043e\u0440\u043e\u0434\u0441\u043a\u043e\u0433\u043e \u0430\u0440\u0445\u0438\u0442\u0435\u043a\u0442\u043e\u0440\u0430 \u043b\u0435\u0433\u0435\u043d\u0434\u0430\u0440\u043d\u044b\u0439 \u0430\u0440\u0445\u0438\u0442\u0435\u043a\u0442\u043e\u0440 \u0410\u0440\u043d\u043e\u043b\u044c\u0434...","og_url":"https:\/\/arhpro.ee\/ru\/\u043e-\u0444\u0438\u0440\u043c\u0435\/\u0437\u043d\u0430\u043a\u043e\u043c\u0441\u0442\u0432\u043e\/","og_site_name":"Tartu Arhitektuurib\u00fcroo","article_modified_time":"2020-08-24T08:34:37+00:00","twitter_card":"summary_large_image","schema":{"@context":"https:\/\/schema.org","@graph":[{"@type":"WebPage","@id":"https:\/\/arhpro.ee\/ru\/%d0%be-%d1%84%d0%b8%d1%80%d0%bc%d0%b5\/%d0%b7%d0%bd%d0%b0%d0%ba%d0%be%d0%bc%d1%81%d1%82%d0%b2%d0%be\/","url":"https:\/\/arhpro.ee\/ru\/%d0%be-%d1%84%d0%b8%d1%80%d0%bc%d0%b5\/%d0%b7%d0%bd%d0%b0%d0%ba%d0%be%d0%bc%d1%81%d1%82%d0%b2%d0%be\/","name":"\u0417\u043d\u0430\u043a\u043e\u043c\u0441\u0442\u0432\u043e - Tartu Arhitektuurib\u00fcroo","isPartOf":{"@id":"https:\/\/arhpro.ee\/#website"},"datePublished":"2020-08-12T09:02:41+00:00","dateModified":"2020-08-24T08:34:37+00:00","breadcrumb":{"@id":"https:\/\/arhpro.ee\/ru\/%d0%be-%d1%84%d0%b8%d1%80%d0%bc%d0%b5\/%d0%b7%d0%bd%d0%b0%d0%ba%d0%be%d0%bc%d1%81%d1%82%d0%b2%d0%be\/#breadcrumb"},"inLanguage":"ru-RU","potentialAction":[{"@type":"ReadAction","target":["https:\/\/arhpro.ee\/ru\/%d0%be-%d1%84%d0%b8%d1%80%d0%bc%d0%b5\/%d0%b7%d0%bd%d0%b0%d0%ba%d0%be%d0%bc%d1%81%d1%82%d0%b2%d0%be\/"]}]},{"@type":"BreadcrumbList","@id":"https:\/\/arhpro.ee\/ru\/%d0%be-%d1%84%d0%b8%d1%80%d0%bc%d0%b5\/%d0%b7%d0%bd%d0%b0%d0%ba%d0%be%d0%bc%d1%81%d1%82%d0%b2%d0%be\/#breadcrumb","itemListElement":[{"@type":"ListItem","position":1,"name":"Home","item":"https:\/\/arhpro.ee\/ru\/"},{"@type":"ListItem","position":2,"name":"\u041e \u0444\u0438\u0440\u043c\u0435","item":"https:\/\/arhpro.ee\/ru\/%d0%be-%d1%84%d0%b8%d1%80%d0%bc%d0%b5\/"},{"@type":"ListItem","position":3,"name":"\u0417\u043d\u0430\u043a\u043e\u043c\u0441\u0442\u0432\u043e"}]},{"@type":"WebSite","@id":"https:\/\/arhpro.ee\/#website","url":"https:\/\/arhpro.ee\/","name":"Tartu Arhitektuurib\u00fcroo","description":"","potentialAction":[{"@type":"SearchAction","target":{"@type":"EntryPoint","urlTemplate":"https:\/\/arhpro.ee\/?s={search_term_string}"},"query-input":{"@type":"PropertyValueSpecification","valueRequired":true,"valueName":"search_term_string"}}],"inLanguage":"ru-RU"}]}},"_links":{"self":[{"href":"https:\/\/arhpro.ee\/ru\/wp-json\/wp\/v2\/pages\/1307","targetHints":{"allow":["GET"]}}],"collection":[{"href":"https:\/\/arhpro.ee\/ru\/wp-json\/wp\/v2\/pages"}],"about":[{"href":"https:\/\/arhpro.ee\/ru\/wp-json\/wp\/v2\/types\/page"}],"author":[{"embeddable":true,"href":"https:\/\/arhpro.ee\/ru\/wp-json\/wp\/v2\/users\/1"}],"replies":[{"embeddable":true,"href":"https:\/\/arhpro.ee\/ru\/wp-json\/wp\/v2\/comments?post=1307"}],"version-history":[{"count":6,"href":"https:\/\/arhpro.ee\/ru\/wp-json\/wp\/v2\/pages\/1307\/revisions"}],"predecessor-version":[{"id":1720,"href":"https:\/\/arhpro.ee\/ru\/wp-json\/wp\/v2\/pages\/1307\/revisions\/1720"}],"up":[{"embeddable":true,"href":"https:\/\/arhpro.ee\/ru\/wp-json\/wp\/v2\/pages\/1303"}],"wp:attachment":[{"href":"https:\/\/arhpro.ee\/ru\/wp-json\/wp\/v2\/media?parent=1307"}],"curies":[{"name":"wp","href":"https:\/\/api.w.org\/{rel}","templated":true}]}}