{"id":1345,"date":"2020-08-12T13:25:59","date_gmt":"2020-08-12T10:25:59","guid":{"rendered":"https:\/\/www.arhpro.ee\/?page_id=1345"},"modified":"2020-08-12T13:26:00","modified_gmt":"2020-08-12T10:26:00","slug":"project-management","status":"publish","type":"page","link":"https:\/\/arhpro.ee\/en\/useful-information\/project-management\/","title":{"rendered":"Project Management"},"content":{"rendered":"\n<p class=\"wp-el\">Project management is a system of measures for performing individual assignments. The proficiency in techniques of project management determines how quickly, economically and reliably an assignment can be completed. A balanced approach to the matter includes attention to both the technical aspects of management and the relations within the designing team and the motivation of the team.<br>Project management is a necessary tool for the contemporary organizations facing problems of limited resources, the pressure of the competitive market constantly shortening the time frames for completing assignments and the increasing complexity of tasks \u2013 this applies both to launching a new product, developing an information system, implementing a production technology and realizing a particular business project.<\/p>\n\n\n\n<h3 class=\"wp-el wp-block-heading\">Projektijuhtimine ehituses<\/h3>\n\n\n\n<p class=\"wp-el\">Projektijuhtimist v\u00f5ib l\u00fchidalt iseloomustada kahe s\u00f5naga: ideest lahenduseni ehk konsultandipoolne abi tellija ehitusprojekti juhtimisel. Projektijuht astub tellija parema k\u00e4e rolli, esindades teda ning tehes k\u00f5ike vajalikke t\u00f6id tema eest. Tehtavate t\u00f6\u00f6de nimistu on v\u00e4ga lai, h\u00f5lmates n\u00e4iteks tellijale sobiva maat\u00fcki otsimist, projekteerimist, ehitusv\u00e4hempakkumise korraldamist, suhtlemist riigi- ja kohalike omavalitsusametnikega jms. Projektijuhi viimaseks \u00fclesandeks on tellijatele v\u00f5tmete ehk objekti \u00fcle andmine<\/p>\n\n\n\n<h3 class=\"wp-el wp-block-heading\">Miks otsustada projektijuhtimise kasuks?<\/h3>\n\n\n\n<p class=\"wp-el\">Kompleksteenus &#8211; ideest v\u00f5tmeni<br>Projektijuhtimise puhul viib k\u00f5ik kinnisvara arenduse juures vajalikud t\u00f6\u00f6d l\u00e4bi projektijuht, kuid samas j\u00e4\u00e4b otsustajaks tellija. Tellijal on igal ajahetkel \u00f5igus ja v\u00f5imalus sekkuda projektijuhi t\u00f6\u00f6sse, kuid tal puudub vajadus tegelda jooksvate probleemidega. Puudub tarvidus erineva erialase (kinnisvara, projekteerimine, ehitus jms) t\u00f6\u00f6j\u00f5u v\u00e4rbamiseks, sest k\u00f5ike seda pakub talle projektijuht.<\/p>\n\n\n\n<h3 class=\"wp-el wp-block-heading\">Erapooletus<\/h3>\n\n\n\n<p class=\"wp-el\">Projektijuht on tellija erapooletu esindaja. Projektijuht ei ole seotud kinnisvara arenduse protsessis tehtavate t\u00f6\u00f6de teostajatega. Nii n\u00e4iteks on projektijuht kliendi erapooletuks esindajaks-eksperdiks ehitust\u00f6\u00f6de ajal, et tagada ehituse \u00f5iglane hind ja tellija poolt soovitud kvaliteet.<\/p>\n\n\n\n<h3 class=\"wp-el wp-block-heading\">Hind<\/h3>\n\n\n\n<p class=\"wp-el\">Kuna projektijuht pakub kompleksteenust, siis on tal seda tellijale v\u00f5imalik tunduvalt odavamalt pakkuda kui seda saaks teenuse osi eraldi ostes v\u00f5i selleks eraldi t\u00f6\u00f6j\u00f5udu palgates. Seda eelk\u00f5ige j\u00e4rgmistel p\u00f5hjustel:<\/p>\n\n\n\n<ul class=\"wp-el wp-block-list\"><li>t\u00e4nu mahukatele tellimustele ehitus-, kinnisvara- ja projekteerimisturul, saab projektijuht nn. &#8220;hulgihinda&#8221;;<\/li><li>tellija erapooletu esindajana puudub projektijuhil motiiv kinnisvara arenduse juurde kuuluvate t\u00f6\u00f6de hinda kunstlikult suurendada, kuna sellest ei s\u00f5ltu tema tasu;<\/li><li>projektijuhtimismeetodil ehitades saab projektijuht valida optimaalse ehitust\u00f6\u00f6v\u00f5tjate hulga, v\u00e4ltides niimoodi peat\u00f6\u00f6v\u00f5tu (d)efekti, kus peat\u00f6\u00f6v\u00f5tja liidab iga allt\u00f6\u00f6v\u00f5tja t\u00f6\u00f6le oma hinnalisa.<\/li><\/ul>\n\n\n\n<h3 class=\"wp-el wp-block-heading\">Kiirus<\/h3>\n\n\n\n<p class=\"wp-el\">Heal projektijuhil on k\u00f5ikide kinnisvara arenduse jaoks vajalike protsesside l\u00e4biviimiseks olemas tegus meeskond, mis tagab selle, et iga meeskonna liige tegutseb oma kompetentsuse vallas ja t\u00f6\u00f6 ei kasva \u00fcle pea. Kord k\u00e4ima l\u00fckatud protsess ei j\u00e4\u00e4 toppama aja ja kogemuse puudumise taha, vaid viiakse l\u00f5puni.<\/p>\n","protected":false},"excerpt":{"rendered":"<p>Project management is a system of measures for performing individual assignments. The proficiency in techniques of project management determines how&#8230;<\/p>\n","protected":false},"author":1,"featured_media":0,"parent":1601,"menu_order":50,"comment_status":"closed","ping_status":"closed","template":"","meta":{"_acf_changed":false,"footnotes":""},"class_list":["post-1345","page","type-page","status-publish","hentry"],"acf":[],"yoast_head":"<!-- This site is optimized with the Yoast SEO plugin v25.5 - https:\/\/yoast.com\/wordpress\/plugins\/seo\/ -->\n<title>Project Management - Tartu Arhitektuurib\u00fcroo<\/title>\n<meta name=\"robots\" content=\"index, follow, max-snippet:-1, max-image-preview:large, max-video-preview:-1\" \/>\n<link rel=\"canonical\" href=\"https:\/\/arhpro.ee\/en\/useful-information\/project-management\/\" \/>\n<meta property=\"og:locale\" content=\"en_US\" \/>\n<meta property=\"og:type\" content=\"article\" \/>\n<meta property=\"og:title\" content=\"Project Management - Tartu Arhitektuurib\u00fcroo\" \/>\n<meta property=\"og:description\" content=\"Project management is a system of measures for performing individual assignments. The proficiency in techniques of project management determines how...\" \/>\n<meta property=\"og:url\" content=\"https:\/\/arhpro.ee\/en\/useful-information\/project-management\/\" \/>\n<meta property=\"og:site_name\" content=\"Tartu Arhitektuurib\u00fcroo\" \/>\n<meta property=\"article:modified_time\" content=\"2020-08-12T10:26:00+00:00\" \/>\n<meta name=\"twitter:card\" content=\"summary_large_image\" \/>\n<meta name=\"twitter:label1\" content=\"Est. reading time\" \/>\n\t<meta name=\"twitter:data1\" content=\"2 minutes\" \/>\n<script type=\"application\/ld+json\" class=\"yoast-schema-graph\">{\"@context\":\"https:\/\/schema.org\",\"@graph\":[{\"@type\":\"WebPage\",\"@id\":\"https:\/\/arhpro.ee\/en\/useful-information\/project-management\/\",\"url\":\"https:\/\/arhpro.ee\/en\/useful-information\/project-management\/\",\"name\":\"Project Management - Tartu Arhitektuurib\u00fcroo\",\"isPartOf\":{\"@id\":\"https:\/\/arhpro.ee\/#website\"},\"datePublished\":\"2020-08-12T10:25:59+00:00\",\"dateModified\":\"2020-08-12T10:26:00+00:00\",\"breadcrumb\":{\"@id\":\"https:\/\/arhpro.ee\/en\/useful-information\/project-management\/#breadcrumb\"},\"inLanguage\":\"en-US\",\"potentialAction\":[{\"@type\":\"ReadAction\",\"target\":[\"https:\/\/arhpro.ee\/en\/useful-information\/project-management\/\"]}]},{\"@type\":\"BreadcrumbList\",\"@id\":\"https:\/\/arhpro.ee\/en\/useful-information\/project-management\/#breadcrumb\",\"itemListElement\":[{\"@type\":\"ListItem\",\"position\":1,\"name\":\"Home\",\"item\":\"https:\/\/arhpro.ee\/en\/\"},{\"@type\":\"ListItem\",\"position\":2,\"name\":\"Useful information\",\"item\":\"https:\/\/arhpro.ee\/en\/useful-information\/\"},{\"@type\":\"ListItem\",\"position\":3,\"name\":\"Project Management\"}]},{\"@type\":\"WebSite\",\"@id\":\"https:\/\/arhpro.ee\/#website\",\"url\":\"https:\/\/arhpro.ee\/\",\"name\":\"Tartu Arhitektuurib\u00fcroo\",\"description\":\"\",\"potentialAction\":[{\"@type\":\"SearchAction\",\"target\":{\"@type\":\"EntryPoint\",\"urlTemplate\":\"https:\/\/arhpro.ee\/?s={search_term_string}\"},\"query-input\":{\"@type\":\"PropertyValueSpecification\",\"valueRequired\":true,\"valueName\":\"search_term_string\"}}],\"inLanguage\":\"en-US\"}]}<\/script>\n<!-- \/ Yoast SEO plugin. -->","yoast_head_json":{"title":"Project Management - Tartu Arhitektuurib\u00fcroo","robots":{"index":"index","follow":"follow","max-snippet":"max-snippet:-1","max-image-preview":"max-image-preview:large","max-video-preview":"max-video-preview:-1"},"canonical":"https:\/\/arhpro.ee\/en\/useful-information\/project-management\/","og_locale":"en_US","og_type":"article","og_title":"Project Management - Tartu Arhitektuurib\u00fcroo","og_description":"Project management is a system of measures for performing individual assignments. The proficiency in techniques of project management determines how...","og_url":"https:\/\/arhpro.ee\/en\/useful-information\/project-management\/","og_site_name":"Tartu Arhitektuurib\u00fcroo","article_modified_time":"2020-08-12T10:26:00+00:00","twitter_card":"summary_large_image","twitter_misc":{"Est. reading time":"2 minutes"},"schema":{"@context":"https:\/\/schema.org","@graph":[{"@type":"WebPage","@id":"https:\/\/arhpro.ee\/en\/useful-information\/project-management\/","url":"https:\/\/arhpro.ee\/en\/useful-information\/project-management\/","name":"Project Management - Tartu Arhitektuurib\u00fcroo","isPartOf":{"@id":"https:\/\/arhpro.ee\/#website"},"datePublished":"2020-08-12T10:25:59+00:00","dateModified":"2020-08-12T10:26:00+00:00","breadcrumb":{"@id":"https:\/\/arhpro.ee\/en\/useful-information\/project-management\/#breadcrumb"},"inLanguage":"en-US","potentialAction":[{"@type":"ReadAction","target":["https:\/\/arhpro.ee\/en\/useful-information\/project-management\/"]}]},{"@type":"BreadcrumbList","@id":"https:\/\/arhpro.ee\/en\/useful-information\/project-management\/#breadcrumb","itemListElement":[{"@type":"ListItem","position":1,"name":"Home","item":"https:\/\/arhpro.ee\/en\/"},{"@type":"ListItem","position":2,"name":"Useful information","item":"https:\/\/arhpro.ee\/en\/useful-information\/"},{"@type":"ListItem","position":3,"name":"Project Management"}]},{"@type":"WebSite","@id":"https:\/\/arhpro.ee\/#website","url":"https:\/\/arhpro.ee\/","name":"Tartu Arhitektuurib\u00fcroo","description":"","potentialAction":[{"@type":"SearchAction","target":{"@type":"EntryPoint","urlTemplate":"https:\/\/arhpro.ee\/?s={search_term_string}"},"query-input":{"@type":"PropertyValueSpecification","valueRequired":true,"valueName":"search_term_string"}}],"inLanguage":"en-US"}]}},"_links":{"self":[{"href":"https:\/\/arhpro.ee\/en\/wp-json\/wp\/v2\/pages\/1345","targetHints":{"allow":["GET"]}}],"collection":[{"href":"https:\/\/arhpro.ee\/en\/wp-json\/wp\/v2\/pages"}],"about":[{"href":"https:\/\/arhpro.ee\/en\/wp-json\/wp\/v2\/types\/page"}],"author":[{"embeddable":true,"href":"https:\/\/arhpro.ee\/en\/wp-json\/wp\/v2\/users\/1"}],"replies":[{"embeddable":true,"href":"https:\/\/arhpro.ee\/en\/wp-json\/wp\/v2\/comments?post=1345"}],"version-history":[{"count":2,"href":"https:\/\/arhpro.ee\/en\/wp-json\/wp\/v2\/pages\/1345\/revisions"}],"predecessor-version":[{"id":1347,"href":"https:\/\/arhpro.ee\/en\/wp-json\/wp\/v2\/pages\/1345\/revisions\/1347"}],"up":[{"embeddable":true,"href":"https:\/\/arhpro.ee\/en\/wp-json\/wp\/v2\/pages\/1601"}],"wp:attachment":[{"href":"https:\/\/arhpro.ee\/en\/wp-json\/wp\/v2\/media?parent=1345"}],"curies":[{"name":"wp","href":"https:\/\/api.w.org\/{rel}","templated":true}]}}