{"id":1340,"date":"2020-08-12T13:14:08","date_gmt":"2020-08-12T10:14:08","guid":{"rendered":"https:\/\/www.arhpro.ee\/?page_id=1340"},"modified":"2020-08-12T13:14:09","modified_gmt":"2020-08-12T10:14:09","slug":"owner-supervision","status":"publish","type":"page","link":"https:\/\/arhpro.ee\/en\/useful-information\/owner-supervision\/","title":{"rendered":"Owner Supervision"},"content":{"rendered":"\n<p class=\"wp-el\">The purpose of owner supervision is to protect the client\u2019s interests, so engaging a supervisor is certainly worth it. And why not do so already before starting the design work for the building?<\/p>\n\n\n\n<p class=\"wp-el\">Owner supervision means a constant supervision of the construction, from the initiation of works to acquiring the certificate of occupancy.<\/p>\n\n\n\n<p class=\"wp-el\">J\u00e4relevalve konkreetsed \u00f5igused ja kohustused m\u00e4\u00e4rab ehitusseadus ja t\u00e4psustab majandus- ja kommunikatsiooniministri 11. detsembri 2002. a m\u00e4\u00e4rus nr 30\u00a0<a href=\"https:\/\/www.riigiteataja.ee\/akt\/229610\" target=\"_blank\" rel=\"noreferrer noopener\">Ehituse omanikuj\u00e4relevalve kord<\/a>\u00a0(RTL 2002, 144, 2108). The owner of the building undertakes to appoint a supervisor and the local municipality shall be notified of it in the notice concerning the initiation of the construction works three working days before the construction is commenced.<\/p>\n\n\n\n<p class=\"wp-el\">To what extent and how the local municipality will perform supervision during construction of individual residential houses is specified in the building regulations of local municipalities. Kindlasti teeb ta seda valminud elamule kasutusluba andes. Samas tuleb ehituse \u00fcle teostada omanikuj\u00e4relevalvet. \u00dcksikelamu puhul v\u00f5ib omanikuj\u00e4relevalvet teha omanik ise. Ehitusseadus n\u00e4eb ette omanikuj\u00e4relevalve tegemise korra kehtestamise majandusministri poolt, mis t\u00e4psustab n\u00f5uded, mida omanik seda \u00fclesannet ja kohustust t\u00e4ites peab j\u00e4rgima.<\/p>\n\n\n\n<p class=\"wp-el\">Owner supervision is not required of the building contractor if the construction concerns a small building (with a construction area of up to 60 m2 and height of up to 5 m), detached house, summer-house, garden-house, farm building or a structure necessary for servicing a building. If the structure necessary for servicing a building has a construction area exceeding 60 m2, the owner supervision shall be performed by the owner.<\/p>\n\n\n\n<p class=\"wp-el\">Kuna seadus m\u00e4\u00e4rab k\u00fcllaltki t\u00e4pselt \u00e4ra omanikuj\u00e4relevalve tegija kontrolli\u00f5igused, kohustused, n\u00f5udmiste sisu ning l\u00e4htedokumendid, on ehitise omanikul siiski otstarbekas s\u00f5lmida omanikuj\u00e4relevalve tegijaga leping.<\/p>\n","protected":false},"excerpt":{"rendered":"<p>The purpose of owner supervision is to protect the client\u2019s interests, so engaging a supervisor is certainly worth it. And&#8230;<\/p>\n","protected":false},"author":1,"featured_media":0,"parent":1601,"menu_order":40,"comment_status":"closed","ping_status":"closed","template":"","meta":{"_acf_changed":false,"footnotes":""},"class_list":["post-1340","page","type-page","status-publish","hentry"],"acf":[],"yoast_head":"<!-- This site is optimized with the Yoast SEO plugin v25.5 - https:\/\/yoast.com\/wordpress\/plugins\/seo\/ -->\n<title>Owner Supervision - Tartu Arhitektuurib\u00fcroo<\/title>\n<meta name=\"robots\" content=\"index, follow, max-snippet:-1, max-image-preview:large, max-video-preview:-1\" \/>\n<link rel=\"canonical\" href=\"https:\/\/arhpro.ee\/en\/useful-information\/owner-supervision\/\" \/>\n<meta property=\"og:locale\" content=\"en_US\" \/>\n<meta property=\"og:type\" content=\"article\" \/>\n<meta property=\"og:title\" content=\"Owner Supervision - Tartu Arhitektuurib\u00fcroo\" \/>\n<meta property=\"og:description\" content=\"The purpose of owner supervision is to protect the client\u2019s interests, so engaging a supervisor is certainly worth it. And...\" \/>\n<meta property=\"og:url\" content=\"https:\/\/arhpro.ee\/en\/useful-information\/owner-supervision\/\" \/>\n<meta property=\"og:site_name\" content=\"Tartu Arhitektuurib\u00fcroo\" \/>\n<meta property=\"article:modified_time\" content=\"2020-08-12T10:14:09+00:00\" \/>\n<meta name=\"twitter:card\" content=\"summary_large_image\" \/>\n<meta name=\"twitter:label1\" content=\"Est. reading time\" \/>\n\t<meta name=\"twitter:data1\" content=\"1 minute\" \/>\n<script type=\"application\/ld+json\" class=\"yoast-schema-graph\">{\"@context\":\"https:\/\/schema.org\",\"@graph\":[{\"@type\":\"WebPage\",\"@id\":\"https:\/\/arhpro.ee\/en\/useful-information\/owner-supervision\/\",\"url\":\"https:\/\/arhpro.ee\/en\/useful-information\/owner-supervision\/\",\"name\":\"Owner Supervision - Tartu Arhitektuurib\u00fcroo\",\"isPartOf\":{\"@id\":\"https:\/\/arhpro.ee\/#website\"},\"datePublished\":\"2020-08-12T10:14:08+00:00\",\"dateModified\":\"2020-08-12T10:14:09+00:00\",\"breadcrumb\":{\"@id\":\"https:\/\/arhpro.ee\/en\/useful-information\/owner-supervision\/#breadcrumb\"},\"inLanguage\":\"en-US\",\"potentialAction\":[{\"@type\":\"ReadAction\",\"target\":[\"https:\/\/arhpro.ee\/en\/useful-information\/owner-supervision\/\"]}]},{\"@type\":\"BreadcrumbList\",\"@id\":\"https:\/\/arhpro.ee\/en\/useful-information\/owner-supervision\/#breadcrumb\",\"itemListElement\":[{\"@type\":\"ListItem\",\"position\":1,\"name\":\"Home\",\"item\":\"https:\/\/arhpro.ee\/en\/\"},{\"@type\":\"ListItem\",\"position\":2,\"name\":\"Useful information\",\"item\":\"https:\/\/arhpro.ee\/en\/useful-information\/\"},{\"@type\":\"ListItem\",\"position\":3,\"name\":\"Owner Supervision\"}]},{\"@type\":\"WebSite\",\"@id\":\"https:\/\/arhpro.ee\/#website\",\"url\":\"https:\/\/arhpro.ee\/\",\"name\":\"Tartu Arhitektuurib\u00fcroo\",\"description\":\"\",\"potentialAction\":[{\"@type\":\"SearchAction\",\"target\":{\"@type\":\"EntryPoint\",\"urlTemplate\":\"https:\/\/arhpro.ee\/?s={search_term_string}\"},\"query-input\":{\"@type\":\"PropertyValueSpecification\",\"valueRequired\":true,\"valueName\":\"search_term_string\"}}],\"inLanguage\":\"en-US\"}]}<\/script>\n<!-- \/ Yoast SEO plugin. -->","yoast_head_json":{"title":"Owner Supervision - Tartu Arhitektuurib\u00fcroo","robots":{"index":"index","follow":"follow","max-snippet":"max-snippet:-1","max-image-preview":"max-image-preview:large","max-video-preview":"max-video-preview:-1"},"canonical":"https:\/\/arhpro.ee\/en\/useful-information\/owner-supervision\/","og_locale":"en_US","og_type":"article","og_title":"Owner Supervision - Tartu Arhitektuurib\u00fcroo","og_description":"The purpose of owner supervision is to protect the client\u2019s interests, so engaging a supervisor is certainly worth it. And...","og_url":"https:\/\/arhpro.ee\/en\/useful-information\/owner-supervision\/","og_site_name":"Tartu Arhitektuurib\u00fcroo","article_modified_time":"2020-08-12T10:14:09+00:00","twitter_card":"summary_large_image","twitter_misc":{"Est. reading time":"1 minute"},"schema":{"@context":"https:\/\/schema.org","@graph":[{"@type":"WebPage","@id":"https:\/\/arhpro.ee\/en\/useful-information\/owner-supervision\/","url":"https:\/\/arhpro.ee\/en\/useful-information\/owner-supervision\/","name":"Owner Supervision - Tartu Arhitektuurib\u00fcroo","isPartOf":{"@id":"https:\/\/arhpro.ee\/#website"},"datePublished":"2020-08-12T10:14:08+00:00","dateModified":"2020-08-12T10:14:09+00:00","breadcrumb":{"@id":"https:\/\/arhpro.ee\/en\/useful-information\/owner-supervision\/#breadcrumb"},"inLanguage":"en-US","potentialAction":[{"@type":"ReadAction","target":["https:\/\/arhpro.ee\/en\/useful-information\/owner-supervision\/"]}]},{"@type":"BreadcrumbList","@id":"https:\/\/arhpro.ee\/en\/useful-information\/owner-supervision\/#breadcrumb","itemListElement":[{"@type":"ListItem","position":1,"name":"Home","item":"https:\/\/arhpro.ee\/en\/"},{"@type":"ListItem","position":2,"name":"Useful information","item":"https:\/\/arhpro.ee\/en\/useful-information\/"},{"@type":"ListItem","position":3,"name":"Owner Supervision"}]},{"@type":"WebSite","@id":"https:\/\/arhpro.ee\/#website","url":"https:\/\/arhpro.ee\/","name":"Tartu Arhitektuurib\u00fcroo","description":"","potentialAction":[{"@type":"SearchAction","target":{"@type":"EntryPoint","urlTemplate":"https:\/\/arhpro.ee\/?s={search_term_string}"},"query-input":{"@type":"PropertyValueSpecification","valueRequired":true,"valueName":"search_term_string"}}],"inLanguage":"en-US"}]}},"_links":{"self":[{"href":"https:\/\/arhpro.ee\/en\/wp-json\/wp\/v2\/pages\/1340","targetHints":{"allow":["GET"]}}],"collection":[{"href":"https:\/\/arhpro.ee\/en\/wp-json\/wp\/v2\/pages"}],"about":[{"href":"https:\/\/arhpro.ee\/en\/wp-json\/wp\/v2\/types\/page"}],"author":[{"embeddable":true,"href":"https:\/\/arhpro.ee\/en\/wp-json\/wp\/v2\/users\/1"}],"replies":[{"embeddable":true,"href":"https:\/\/arhpro.ee\/en\/wp-json\/wp\/v2\/comments?post=1340"}],"version-history":[{"count":2,"href":"https:\/\/arhpro.ee\/en\/wp-json\/wp\/v2\/pages\/1340\/revisions"}],"predecessor-version":[{"id":1342,"href":"https:\/\/arhpro.ee\/en\/wp-json\/wp\/v2\/pages\/1340\/revisions\/1342"}],"up":[{"embeddable":true,"href":"https:\/\/arhpro.ee\/en\/wp-json\/wp\/v2\/pages\/1601"}],"wp:attachment":[{"href":"https:\/\/arhpro.ee\/en\/wp-json\/wp\/v2\/media?parent=1340"}],"curies":[{"name":"wp","href":"https:\/\/api.w.org\/{rel}","templated":true}]}}