{"id":1319,"date":"2020-08-12T12:31:26","date_gmt":"2020-08-12T09:31:26","guid":{"rendered":"https:\/\/www.arhpro.ee\/architectural-and-constructional-design\/"},"modified":"2020-08-12T12:31:26","modified_gmt":"2020-08-12T09:31:26","slug":"architectural-and-constructional-design","status":"publish","type":"page","link":"https:\/\/arhpro.ee\/en\/useful-information\/architectural-and-constructional-design\/","title":{"rendered":"Architectural and Constructional Design"},"content":{"rendered":"\n<p class=\"wp-el\">Before the design work can be initiated, a well-considered outline of the spatial layout is needed from the client: e.g. how many living rooms, bedrooms and bathrooms are needed, how large the kitchen should be, also descriptions of the quality level that the building should conform to.<\/p>\n\n<p class=\"wp-el\">The designer will then devise drawings and explanatory reports according to their specialty and apply for the necessary approvals (by the Health Protection Board, the Rescue Board, the local municipality etc.) Various specialists participate in the design work: designers of electrical, water, heating, wastewater and ventilation installations, as well as general construction designers. The required strength calculations are performed by the designers.<\/p>\n\n<p class=\"wp-el\">Different solutions suggested by the architect need to be processed by all of the representatives of different specialties involved in the designing process. This requires time, like the design work itself and applying for approvals. So it is recommended to initiate the planning either in autumn or in late summer, in order to be ready for construction work by the beginning of the next summer. The designer can help with explanations as to how much time is needed for devising the design documentation and for the approvals.<\/p>\n\n<p class=\"wp-el\">The cost of a full design work package is equivalent to ca 10-12% of the cost of the construction work. Seega 1,2 miljoni kroonise ehitusmaksumusega hoone puhul teeks see ca. 120 000 krooni. It ensures a quick and smooth construction process and lower exploitation costs in the future. Tavaliselt tellitakse aga arhitektilt vaid arhitektuurse osa dokumendid (ca 70 000 krooni) ja esitatakse need ehitajale pakkumise tegemiseks. Kahjuks on see \u00e4\u00e4rmiselt m\u00f5tlematu samm. Puudulike projekteerimisdokumentide j\u00e4rgi on ehitajal raske teha korrektset pakkumist, mist\u00f5ttu tekib hiljem alati vaidlusi raha juurdek\u00fcsimise osas. Tagaj\u00e4rjena kulub ehitust\u00f6\u00f6deks tunduvalt rohkem aega v\u00f5i j\u00e4\u00e4b ehitus hoopis pooleli, kuna lahkhelid on muutnud koost\u00f6\u00f6 v\u00f5imatuks.<\/p>\n\n<p class=\"wp-el\">Projektdokumentatsiooni valmimisel on m\u00f5ttekas koostada \u00fcldehitust\u00f6\u00f6deks t\u00f6\u00f6mahtude loetelu ning kontrolleelarve. In developed countries, volumes of work and reference budgets are an integral part of the construction design documentation.<\/p>\n","protected":false},"excerpt":{"rendered":"<p>Before the design work can be initiated, a well-considered outline of the spatial layout is needed from the client: e.g&#8230;.<\/p>\n","protected":false},"author":1,"featured_media":0,"parent":1601,"menu_order":10,"comment_status":"closed","ping_status":"closed","template":"","meta":{"_acf_changed":false,"footnotes":""},"class_list":["post-1319","page","type-page","status-publish","hentry"],"acf":[],"yoast_head":"<!-- This site is optimized with the Yoast SEO plugin v25.5 - https:\/\/yoast.com\/wordpress\/plugins\/seo\/ -->\n<title>Architectural and Constructional Design - Tartu Arhitektuurib\u00fcroo<\/title>\n<meta name=\"robots\" content=\"index, follow, max-snippet:-1, max-image-preview:large, max-video-preview:-1\" \/>\n<link rel=\"canonical\" href=\"https:\/\/arhpro.ee\/en\/useful-information\/architectural-and-constructional-design\/\" \/>\n<meta property=\"og:locale\" content=\"en_US\" \/>\n<meta property=\"og:type\" content=\"article\" \/>\n<meta property=\"og:title\" content=\"Architectural and Constructional Design - Tartu Arhitektuurib\u00fcroo\" \/>\n<meta property=\"og:description\" content=\"Before the design work can be initiated, a well-considered outline of the spatial layout is needed from the client: e.g....\" \/>\n<meta property=\"og:url\" content=\"https:\/\/arhpro.ee\/en\/useful-information\/architectural-and-constructional-design\/\" \/>\n<meta property=\"og:site_name\" content=\"Tartu Arhitektuurib\u00fcroo\" \/>\n<meta name=\"twitter:card\" content=\"summary_large_image\" \/>\n<meta name=\"twitter:label1\" content=\"Est. reading time\" \/>\n\t<meta name=\"twitter:data1\" content=\"2 minutes\" \/>\n<script type=\"application\/ld+json\" class=\"yoast-schema-graph\">{\"@context\":\"https:\/\/schema.org\",\"@graph\":[{\"@type\":\"WebPage\",\"@id\":\"https:\/\/arhpro.ee\/en\/useful-information\/architectural-and-constructional-design\/\",\"url\":\"https:\/\/arhpro.ee\/en\/useful-information\/architectural-and-constructional-design\/\",\"name\":\"Architectural and Constructional Design - Tartu Arhitektuurib\u00fcroo\",\"isPartOf\":{\"@id\":\"https:\/\/arhpro.ee\/#website\"},\"datePublished\":\"2020-08-12T09:31:26+00:00\",\"breadcrumb\":{\"@id\":\"https:\/\/arhpro.ee\/en\/useful-information\/architectural-and-constructional-design\/#breadcrumb\"},\"inLanguage\":\"en-US\",\"potentialAction\":[{\"@type\":\"ReadAction\",\"target\":[\"https:\/\/arhpro.ee\/en\/useful-information\/architectural-and-constructional-design\/\"]}]},{\"@type\":\"BreadcrumbList\",\"@id\":\"https:\/\/arhpro.ee\/en\/useful-information\/architectural-and-constructional-design\/#breadcrumb\",\"itemListElement\":[{\"@type\":\"ListItem\",\"position\":1,\"name\":\"Home\",\"item\":\"https:\/\/arhpro.ee\/en\/\"},{\"@type\":\"ListItem\",\"position\":2,\"name\":\"Useful information\",\"item\":\"https:\/\/arhpro.ee\/en\/useful-information\/\"},{\"@type\":\"ListItem\",\"position\":3,\"name\":\"Architectural and Constructional Design\"}]},{\"@type\":\"WebSite\",\"@id\":\"https:\/\/arhpro.ee\/#website\",\"url\":\"https:\/\/arhpro.ee\/\",\"name\":\"Tartu Arhitektuurib\u00fcroo\",\"description\":\"\",\"potentialAction\":[{\"@type\":\"SearchAction\",\"target\":{\"@type\":\"EntryPoint\",\"urlTemplate\":\"https:\/\/arhpro.ee\/?s={search_term_string}\"},\"query-input\":{\"@type\":\"PropertyValueSpecification\",\"valueRequired\":true,\"valueName\":\"search_term_string\"}}],\"inLanguage\":\"en-US\"}]}<\/script>\n<!-- \/ Yoast SEO plugin. -->","yoast_head_json":{"title":"Architectural and Constructional Design - Tartu Arhitektuurib\u00fcroo","robots":{"index":"index","follow":"follow","max-snippet":"max-snippet:-1","max-image-preview":"max-image-preview:large","max-video-preview":"max-video-preview:-1"},"canonical":"https:\/\/arhpro.ee\/en\/useful-information\/architectural-and-constructional-design\/","og_locale":"en_US","og_type":"article","og_title":"Architectural and Constructional Design - Tartu Arhitektuurib\u00fcroo","og_description":"Before the design work can be initiated, a well-considered outline of the spatial layout is needed from the client: e.g....","og_url":"https:\/\/arhpro.ee\/en\/useful-information\/architectural-and-constructional-design\/","og_site_name":"Tartu Arhitektuurib\u00fcroo","twitter_card":"summary_large_image","twitter_misc":{"Est. reading time":"2 minutes"},"schema":{"@context":"https:\/\/schema.org","@graph":[{"@type":"WebPage","@id":"https:\/\/arhpro.ee\/en\/useful-information\/architectural-and-constructional-design\/","url":"https:\/\/arhpro.ee\/en\/useful-information\/architectural-and-constructional-design\/","name":"Architectural and Constructional Design - Tartu Arhitektuurib\u00fcroo","isPartOf":{"@id":"https:\/\/arhpro.ee\/#website"},"datePublished":"2020-08-12T09:31:26+00:00","breadcrumb":{"@id":"https:\/\/arhpro.ee\/en\/useful-information\/architectural-and-constructional-design\/#breadcrumb"},"inLanguage":"en-US","potentialAction":[{"@type":"ReadAction","target":["https:\/\/arhpro.ee\/en\/useful-information\/architectural-and-constructional-design\/"]}]},{"@type":"BreadcrumbList","@id":"https:\/\/arhpro.ee\/en\/useful-information\/architectural-and-constructional-design\/#breadcrumb","itemListElement":[{"@type":"ListItem","position":1,"name":"Home","item":"https:\/\/arhpro.ee\/en\/"},{"@type":"ListItem","position":2,"name":"Useful information","item":"https:\/\/arhpro.ee\/en\/useful-information\/"},{"@type":"ListItem","position":3,"name":"Architectural and Constructional Design"}]},{"@type":"WebSite","@id":"https:\/\/arhpro.ee\/#website","url":"https:\/\/arhpro.ee\/","name":"Tartu Arhitektuurib\u00fcroo","description":"","potentialAction":[{"@type":"SearchAction","target":{"@type":"EntryPoint","urlTemplate":"https:\/\/arhpro.ee\/?s={search_term_string}"},"query-input":{"@type":"PropertyValueSpecification","valueRequired":true,"valueName":"search_term_string"}}],"inLanguage":"en-US"}]}},"_links":{"self":[{"href":"https:\/\/arhpro.ee\/en\/wp-json\/wp\/v2\/pages\/1319","targetHints":{"allow":["GET"]}}],"collection":[{"href":"https:\/\/arhpro.ee\/en\/wp-json\/wp\/v2\/pages"}],"about":[{"href":"https:\/\/arhpro.ee\/en\/wp-json\/wp\/v2\/types\/page"}],"author":[{"embeddable":true,"href":"https:\/\/arhpro.ee\/en\/wp-json\/wp\/v2\/users\/1"}],"replies":[{"embeddable":true,"href":"https:\/\/arhpro.ee\/en\/wp-json\/wp\/v2\/comments?post=1319"}],"version-history":[{"count":1,"href":"https:\/\/arhpro.ee\/en\/wp-json\/wp\/v2\/pages\/1319\/revisions"}],"predecessor-version":[{"id":1320,"href":"https:\/\/arhpro.ee\/en\/wp-json\/wp\/v2\/pages\/1319\/revisions\/1320"}],"up":[{"embeddable":true,"href":"https:\/\/arhpro.ee\/en\/wp-json\/wp\/v2\/pages\/1601"}],"wp:attachment":[{"href":"https:\/\/arhpro.ee\/en\/wp-json\/wp\/v2\/media?parent=1319"}],"curies":[{"name":"wp","href":"https:\/\/api.w.org\/{rel}","templated":true}]}}